{"id":212,"date":"2023-07-10T09:47:26","date_gmt":"2023-07-10T09:47:26","guid":{"rendered":"https:\/\/www.lavidachurch.com\/web\/?page_id=212"},"modified":"2023-10-19T17:40:07","modified_gmt":"2023-10-19T17:40:07","slug":"one-on-one","status":"publish","type":"page","link":"https:\/\/www.lavidachurch.com\/web\/one-on-one\/","title":{"rendered":"One on One"},"content":{"rendered":"<p><div class=\"fusion-fullwidth fullwidth-box fusion-builder-row-1 fusion-flex-container has-pattern-background has-mask-background nonhundred-percent-fullwidth non-hundred-percent-height-scrolling\" style=\"--awb-border-radius-top-left:0px;--awb-border-radius-top-right:0px;--awb-border-radius-bottom-right:0px;--awb-border-radius-bottom-left:0px;--awb-flex-wrap:wrap;\" ><div class=\"fusion-builder-row fusion-row fusion-flex-align-items-flex-start fusion-flex-content-wrap\" style=\"max-width:1248px;margin-left: calc(-4% \/ 2 );margin-right: calc(-4% \/ 2 );\"><div class=\"fusion-layout-column fusion_builder_column fusion-builder-column-0 fusion_builder_column_1_1 1_1 fusion-flex-column\" style=\"--awb-bg-size:cover;--awb-width-large:100%;--awb-margin-top-large:0px;--awb-spacing-right-large:1.92%;--awb-margin-bottom-large:20px;--awb-spacing-left-large:1.92%;--awb-width-medium:100%;--awb-order-medium:0;--awb-spacing-right-medium:1.92%;--awb-spacing-left-medium:1.92%;--awb-width-small:100%;--awb-order-small:0;--awb-spacing-right-small:1.92%;--awb-spacing-left-small:1.92%;\"><div class=\"fusion-column-wrapper fusion-column-has-shadow fusion-flex-justify-content-flex-start fusion-content-layout-column\"><div class=\"fusion-text fusion-text-1\" style=\"--awb-font-size:25px;--awb-text-font-family:&quot;Poppins&quot;;--awb-text-font-style:normal;--awb-text-font-weight:400;\"><p style=\"text-align: center;\">No nos avergonzamos del evangelio, porque es poder de Dios para salvaci\u00f3n a todo aquel que cree. <strong>Romanos 1:16<\/strong><\/p>\n<p style=\"text-align: center;\">Es un mandato predicar a Jes\u00fas. En obediencia a \u00c9l tenemos dos salidas intencionales al mes para llevar las buenas nuevas del Se\u00f1or.<\/p>\n<\/div><\/div><\/div><div class=\"fusion-layout-column fusion_builder_column fusion-builder-column-1 fusion_builder_column_1_1 1_1 fusion-flex-column\" style=\"--awb-padding-bottom:0px;--awb-bg-size:cover;--awb-width-large:100%;--awb-margin-top-large:0px;--awb-spacing-right-large:1.92%;--awb-margin-bottom-large:0px;--awb-spacing-left-large:1.92%;--awb-width-medium:100%;--awb-order-medium:0;--awb-spacing-right-medium:1.92%;--awb-spacing-left-medium:1.92%;--awb-width-small:100%;--awb-order-small:0;--awb-spacing-right-small:1.92%;--awb-spacing-left-small:1.92%;\"><div class=\"fusion-column-wrapper fusion-column-has-shadow fusion-flex-justify-content-flex-start fusion-content-layout-column\"><div class=\"fusion-title title fusion-title-1 fusion-sep-none fusion-title-center fusion-title-text fusion-title-size-three\" style=\"--awb-margin-bottom:0px;--awb-margin-top-small:10px;--awb-margin-right-small:0px;--awb-margin-bottom-small:10px;--awb-margin-left-small:0px;\"><h3 class=\"fusion-title-heading title-heading-center\" style=\"font-family:&quot;Poppins&quot;;font-style:normal;font-weight:400;margin:0;\"><strong>Fiesta of the Americas<\/strong><br \/><strong>Lake Square Mall, Leesburg FL<\/strong><br \/><\/h3><\/div><div class=\"fusion-title title fusion-title-2 fusion-sep-none fusion-title-center fusion-title-text fusion-title-size-four\" style=\"--awb-margin-top-small:10px;--awb-margin-right-small:0px;--awb-margin-bottom-small:10px;--awb-margin-left-small:0px;\"><h4 class=\"fusion-title-heading title-heading-center\" style=\"font-family:&quot;Poppins&quot;;font-style:normal;font-weight:300;margin:0;\"><pre>8 de julio de 2023<\/pre><\/h4><\/div><\/div><\/div><div class=\"fusion-layout-column fusion_builder_column fusion-builder-column-2 fusion_builder_column_1_1 1_1 fusion-flex-column\" style=\"--awb-bg-size:cover;--awb-width-large:100%;--awb-margin-top-large:0px;--awb-spacing-right-large:1.92%;--awb-margin-bottom-large:20px;--awb-spacing-left-large:1.92%;--awb-width-medium:100%;--awb-order-medium:0;--awb-spacing-right-medium:1.92%;--awb-spacing-left-medium:1.92%;--awb-width-small:100%;--awb-order-small:0;--awb-spacing-right-small:1.92%;--awb-spacing-left-small:1.92%;\"><div class=\"fusion-column-wrapper fusion-column-has-shadow fusion-flex-justify-content-flex-start fusion-content-layout-column\"><div class=\"awb-gallery-wrapper awb-gallery-wrapper-1 button-span-no\" style=\"--more-btn-alignment:center;\"><div style=\"margin:-5px;--awb-bordersize:0px;--awb-bordercolor:#c6c6c6;\" class=\"fusion-gallery fusion-gallery-container fusion-grid-3 fusion-columns-total-6 fusion-gallery-layout-grid fusion-gallery-1\"><div style=\"padding:5px;\" class=\"fusion-grid-column fusion-gallery-column fusion-gallery-column-3\"><div class=\"fusion-gallery-image fusion-gallery-image-liftup\"><a href=\"https:\/\/www.lavidachurch.com\/web\/wp-content\/uploads\/2023\/07\/358473005_258955836834473_4935256978427485783_n.jpg\" rel=\"noreferrer\" data-rel=\"iLightbox[gallery_image_1]\" class=\"fusion-lightbox\" target=\"_self\"><img decoding=\"async\" src=\"https:\/\/www.lavidachurch.com\/web\/wp-content\/uploads\/2023\/07\/358473005_258955836834473_4935256978427485783_n.jpg\" width=\"2048\" height=\"1365\" alt=\"\" title=\"358473005_258955836834473_4935256978427485783_n\" aria-label=\"358473005_258955836834473_4935256978427485783_n\" class=\"img-responsive wp-image-221\" srcset=\"https:\/\/www.lavidachurch.com\/web\/wp-content\/uploads\/2023\/07\/358473005_258955836834473_4935256978427485783_n-200x133.jpg 200w, https:\/\/www.lavidachurch.com\/web\/wp-content\/uploads\/2023\/07\/358473005_258955836834473_4935256978427485783_n-400x267.jpg 400w, https:\/\/www.lavidachurch.com\/web\/wp-content\/uploads\/2023\/07\/358473005_258955836834473_4935256978427485783_n-600x400.jpg 600w, https:\/\/www.lavidachurch.com\/web\/wp-content\/uploads\/2023\/07\/358473005_258955836834473_4935256978427485783_n-800x533.jpg 800w, https:\/\/www.lavidachurch.com\/web\/wp-content\/uploads\/2023\/07\/358473005_258955836834473_4935256978427485783_n-1200x800.jpg 1200w, https:\/\/www.lavidachurch.com\/web\/wp-content\/uploads\/2023\/07\/358473005_258955836834473_4935256978427485783_n.jpg 2048w\" sizes=\"(min-width: 2200px) 100vw, (min-width: 784px) 397px, (min-width: 712px) 595px, (min-width: 640px) 712px, \" \/><\/a><\/div><\/div><div style=\"padding:5px;\" class=\"fusion-grid-column fusion-gallery-column fusion-gallery-column-3\"><div class=\"fusion-gallery-image fusion-gallery-image-liftup\"><a href=\"https:\/\/www.lavidachurch.com\/web\/wp-content\/uploads\/2023\/07\/358383966_258957166834340_4987306014636641552_n.jpg\" rel=\"noreferrer\" data-rel=\"iLightbox[gallery_image_1]\" class=\"fusion-lightbox\" target=\"_self\"><img decoding=\"async\" src=\"https:\/\/www.lavidachurch.com\/web\/wp-content\/uploads\/2023\/07\/358383966_258957166834340_4987306014636641552_n.jpg\" width=\"2048\" height=\"1463\" alt=\"\" title=\"358383966_258957166834340_4987306014636641552_n\" aria-label=\"358383966_258957166834340_4987306014636641552_n\" class=\"img-responsive wp-image-219\" srcset=\"https:\/\/www.lavidachurch.com\/web\/wp-content\/uploads\/2023\/07\/358383966_258957166834340_4987306014636641552_n-200x143.jpg 200w, https:\/\/www.lavidachurch.com\/web\/wp-content\/uploads\/2023\/07\/358383966_258957166834340_4987306014636641552_n-400x286.jpg 400w, https:\/\/www.lavidachurch.com\/web\/wp-content\/uploads\/2023\/07\/358383966_258957166834340_4987306014636641552_n-600x429.jpg 600w, https:\/\/www.lavidachurch.com\/web\/wp-content\/uploads\/2023\/07\/358383966_258957166834340_4987306014636641552_n-800x571.jpg 800w, https:\/\/www.lavidachurch.com\/web\/wp-content\/uploads\/2023\/07\/358383966_258957166834340_4987306014636641552_n-1200x857.jpg 1200w, https:\/\/www.lavidachurch.com\/web\/wp-content\/uploads\/2023\/07\/358383966_258957166834340_4987306014636641552_n.jpg 2048w\" sizes=\"(min-width: 2200px) 100vw, (min-width: 784px) 397px, (min-width: 712px) 595px, (min-width: 640px) 712px, \" \/><\/a><\/div><\/div><div style=\"padding:5px;\" class=\"fusion-grid-column fusion-gallery-column fusion-gallery-column-3\"><div class=\"fusion-gallery-image fusion-gallery-image-liftup\"><a href=\"https:\/\/www.lavidachurch.com\/web\/wp-content\/uploads\/2023\/07\/358057595_258958536834203_7229672076805537288_n.jpg\" rel=\"noreferrer\" data-rel=\"iLightbox[gallery_image_1]\" class=\"fusion-lightbox\" target=\"_self\"><img decoding=\"async\" src=\"https:\/\/www.lavidachurch.com\/web\/wp-content\/uploads\/2023\/07\/358057595_258958536834203_7229672076805537288_n.jpg\" width=\"2048\" height=\"1365\" alt=\"\" title=\"358057595_258958536834203_7229672076805537288_n\" aria-label=\"358057595_258958536834203_7229672076805537288_n\" class=\"img-responsive wp-image-216\" srcset=\"https:\/\/www.lavidachurch.com\/web\/wp-content\/uploads\/2023\/07\/358057595_258958536834203_7229672076805537288_n-200x133.jpg 200w, https:\/\/www.lavidachurch.com\/web\/wp-content\/uploads\/2023\/07\/358057595_258958536834203_7229672076805537288_n-400x267.jpg 400w, https:\/\/www.lavidachurch.com\/web\/wp-content\/uploads\/2023\/07\/358057595_258958536834203_7229672076805537288_n-600x400.jpg 600w, https:\/\/www.lavidachurch.com\/web\/wp-content\/uploads\/2023\/07\/358057595_258958536834203_7229672076805537288_n-800x533.jpg 800w, https:\/\/www.lavidachurch.com\/web\/wp-content\/uploads\/2023\/07\/358057595_258958536834203_7229672076805537288_n-1200x800.jpg 1200w, https:\/\/www.lavidachurch.com\/web\/wp-content\/uploads\/2023\/07\/358057595_258958536834203_7229672076805537288_n.jpg 2048w\" sizes=\"(min-width: 2200px) 100vw, (min-width: 784px) 397px, (min-width: 712px) 595px, (min-width: 640px) 712px, \" \/><\/a><\/div><\/div><div class=\"clearfix\"><\/div><div style=\"padding:5px;\" class=\"fusion-grid-column fusion-gallery-column fusion-gallery-column-3\"><div class=\"fusion-gallery-image fusion-gallery-image-liftup\"><a href=\"https:\/\/www.lavidachurch.com\/web\/wp-content\/uploads\/2023\/07\/358378581_258956350167755_5216680780066169040_n.jpg\" rel=\"noreferrer\" data-rel=\"iLightbox[gallery_image_1]\" class=\"fusion-lightbox\" target=\"_self\"><img decoding=\"async\" src=\"https:\/\/www.lavidachurch.com\/web\/wp-content\/uploads\/2023\/07\/358378581_258956350167755_5216680780066169040_n.jpg\" width=\"2048\" height=\"1280\" alt=\"\" title=\"358378581_258956350167755_5216680780066169040_n\" aria-label=\"358378581_258956350167755_5216680780066169040_n\" class=\"img-responsive wp-image-218\" srcset=\"https:\/\/www.lavidachurch.com\/web\/wp-content\/uploads\/2023\/07\/358378581_258956350167755_5216680780066169040_n-200x125.jpg 200w, https:\/\/www.lavidachurch.com\/web\/wp-content\/uploads\/2023\/07\/358378581_258956350167755_5216680780066169040_n-400x250.jpg 400w, https:\/\/www.lavidachurch.com\/web\/wp-content\/uploads\/2023\/07\/358378581_258956350167755_5216680780066169040_n-600x375.jpg 600w, https:\/\/www.lavidachurch.com\/web\/wp-content\/uploads\/2023\/07\/358378581_258956350167755_5216680780066169040_n-800x500.jpg 800w, https:\/\/www.lavidachurch.com\/web\/wp-content\/uploads\/2023\/07\/358378581_258956350167755_5216680780066169040_n-1200x750.jpg 1200w, https:\/\/www.lavidachurch.com\/web\/wp-content\/uploads\/2023\/07\/358378581_258956350167755_5216680780066169040_n.jpg 2048w\" sizes=\"(min-width: 2200px) 100vw, (min-width: 784px) 397px, (min-width: 712px) 595px, (min-width: 640px) 712px, \" \/><\/a><\/div><\/div><div style=\"padding:5px;\" class=\"fusion-grid-column fusion-gallery-column fusion-gallery-column-3\"><div class=\"fusion-gallery-image fusion-gallery-image-liftup\"><a href=\"https:\/\/www.lavidachurch.com\/web\/wp-content\/uploads\/2023\/07\/359343861_258957436834313_536319271968017103_n.jpg\" rel=\"noreferrer\" data-rel=\"iLightbox[gallery_image_1]\" class=\"fusion-lightbox\" target=\"_self\"><img decoding=\"async\" src=\"https:\/\/www.lavidachurch.com\/web\/wp-content\/uploads\/2023\/07\/359343861_258957436834313_536319271968017103_n.jpg\" width=\"2048\" height=\"1463\" alt=\"\" title=\"359343861_258957436834313_536319271968017103_n\" aria-label=\"359343861_258957436834313_536319271968017103_n\" class=\"img-responsive wp-image-222\" srcset=\"https:\/\/www.lavidachurch.com\/web\/wp-content\/uploads\/2023\/07\/359343861_258957436834313_536319271968017103_n-200x143.jpg 200w, https:\/\/www.lavidachurch.com\/web\/wp-content\/uploads\/2023\/07\/359343861_258957436834313_536319271968017103_n-400x286.jpg 400w, https:\/\/www.lavidachurch.com\/web\/wp-content\/uploads\/2023\/07\/359343861_258957436834313_536319271968017103_n-600x429.jpg 600w, https:\/\/www.lavidachurch.com\/web\/wp-content\/uploads\/2023\/07\/359343861_258957436834313_536319271968017103_n-800x571.jpg 800w, https:\/\/www.lavidachurch.com\/web\/wp-content\/uploads\/2023\/07\/359343861_258957436834313_536319271968017103_n-1200x857.jpg 1200w, https:\/\/www.lavidachurch.com\/web\/wp-content\/uploads\/2023\/07\/359343861_258957436834313_536319271968017103_n.jpg 2048w\" sizes=\"(min-width: 2200px) 100vw, (min-width: 784px) 397px, (min-width: 712px) 595px, (min-width: 640px) 712px, \" \/><\/a><\/div><\/div><div style=\"padding:5px;\" class=\"fusion-grid-column fusion-gallery-column fusion-gallery-column-3\"><div class=\"fusion-gallery-image fusion-gallery-image-liftup\"><a href=\"https:\/\/www.lavidachurch.com\/web\/wp-content\/uploads\/2023\/07\/359520298_258957476834309_4000072398145226543_n.jpg\" rel=\"noreferrer\" data-rel=\"iLightbox[gallery_image_1]\" class=\"fusion-lightbox\" target=\"_self\"><img decoding=\"async\" src=\"https:\/\/www.lavidachurch.com\/web\/wp-content\/uploads\/2023\/07\/359520298_258957476834309_4000072398145226543_n.jpg\" width=\"2048\" height=\"1365\" alt=\"\" title=\"359520298_258957476834309_4000072398145226543_n\" aria-label=\"359520298_258957476834309_4000072398145226543_n\" class=\"img-responsive wp-image-223\" srcset=\"https:\/\/www.lavidachurch.com\/web\/wp-content\/uploads\/2023\/07\/359520298_258957476834309_4000072398145226543_n-200x133.jpg 200w, https:\/\/www.lavidachurch.com\/web\/wp-content\/uploads\/2023\/07\/359520298_258957476834309_4000072398145226543_n-400x267.jpg 400w, https:\/\/www.lavidachurch.com\/web\/wp-content\/uploads\/2023\/07\/359520298_258957476834309_4000072398145226543_n-600x400.jpg 600w, https:\/\/www.lavidachurch.com\/web\/wp-content\/uploads\/2023\/07\/359520298_258957476834309_4000072398145226543_n-800x533.jpg 800w, https:\/\/www.lavidachurch.com\/web\/wp-content\/uploads\/2023\/07\/359520298_258957476834309_4000072398145226543_n-1200x800.jpg 1200w, https:\/\/www.lavidachurch.com\/web\/wp-content\/uploads\/2023\/07\/359520298_258957476834309_4000072398145226543_n.jpg 2048w\" sizes=\"(min-width: 2200px) 100vw, (min-width: 784px) 397px, (min-width: 712px) 595px, (min-width: 640px) 712px, \" \/><\/a><\/div><\/div><div class=\"clearfix\"><\/div><\/div><\/div><\/div><\/div><\/div><\/div><div class=\"fusion-fullwidth fullwidth-box fusion-builder-row-2 fusion-flex-container has-pattern-background has-mask-background nonhundred-percent-fullwidth non-hundred-percent-height-scrolling\" style=\"--awb-border-radius-top-left:0px;--awb-border-radius-top-right:0px;--awb-border-radius-bottom-right:0px;--awb-border-radius-bottom-left:0px;--awb-flex-wrap:wrap;\" ><div class=\"fusion-builder-row fusion-row fusion-flex-align-items-flex-start fusion-flex-content-wrap\" style=\"max-width:1248px;margin-left: calc(-4% \/ 2 );margin-right: calc(-4% \/ 2 );\"><\/div><\/div><\/p>\n","protected":false},"excerpt":{"rendered":"","protected":false},"author":1,"featured_media":0,"parent":0,"menu_order":0,"comment_status":"closed","ping_status":"closed","template":"100-width.php","meta":{"footnotes":""},"class_list":["post-212","page","type-page","status-publish","hentry"],"_links":{"self":[{"href":"https:\/\/www.lavidachurch.com\/web\/wp-json\/wp\/v2\/pages\/212","targetHints":{"allow":["GET"]}}],"collection":[{"href":"https:\/\/www.lavidachurch.com\/web\/wp-json\/wp\/v2\/pages"}],"about":[{"href":"https:\/\/www.lavidachurch.com\/web\/wp-json\/wp\/v2\/types\/page"}],"author":[{"embeddable":true,"href":"https:\/\/www.lavidachurch.com\/web\/wp-json\/wp\/v2\/users\/1"}],"replies":[{"embeddable":true,"href":"https:\/\/www.lavidachurch.com\/web\/wp-json\/wp\/v2\/comments?post=212"}],"version-history":[{"count":9,"href":"https:\/\/www.lavidachurch.com\/web\/wp-json\/wp\/v2\/pages\/212\/revisions"}],"predecessor-version":[{"id":571,"href":"https:\/\/www.lavidachurch.com\/web\/wp-json\/wp\/v2\/pages\/212\/revisions\/571"}],"wp:attachment":[{"href":"https:\/\/www.lavidachurch.com\/web\/wp-json\/wp\/v2\/media?parent=212"}],"curies":[{"name":"wp","href":"https:\/\/api.w.org\/{rel}","templated":true}]}}