{"id":230,"date":"2023-07-30T00:35:34","date_gmt":"2023-07-30T00:35:34","guid":{"rendered":"https:\/\/www.lavidachurch.com\/web\/?page_id=230"},"modified":"2023-08-16T01:45:46","modified_gmt":"2023-08-16T01:45:46","slug":"pastores","status":"publish","type":"page","link":"https:\/\/www.lavidachurch.com\/web\/pastores\/","title":{"rendered":"Pastores"},"content":{"rendered":"<div class=\"fusion-fullwidth fullwidth-box fusion-builder-row-1 fusion-flex-container has-pattern-background has-mask-background nonhundred-percent-fullwidth non-hundred-percent-height-scrolling\" style=\"--awb-border-radius-top-left:0px;--awb-border-radius-top-right:0px;--awb-border-radius-bottom-right:0px;--awb-border-radius-bottom-left:0px;--awb-flex-wrap:wrap;\" ><div class=\"fusion-builder-row fusion-row fusion-flex-align-items-flex-start fusion-flex-content-wrap\" style=\"max-width:1248px;margin-left: calc(-4% \/ 2 );margin-right: calc(-4% \/ 2 );\"><div class=\"fusion-layout-column fusion_builder_column fusion-builder-column-0 fusion_builder_column_2_3 2_3 fusion-flex-column\" style=\"--awb-bg-size:cover;--awb-width-large:66.666666666667%;--awb-margin-top-large:0px;--awb-spacing-right-large:2.88%;--awb-margin-bottom-large:20px;--awb-spacing-left-large:2.88%;--awb-width-medium:66.666666666667%;--awb-order-medium:0;--awb-spacing-right-medium:2.88%;--awb-spacing-left-medium:2.88%;--awb-width-small:100%;--awb-order-small:0;--awb-spacing-right-small:1.92%;--awb-spacing-left-small:1.92%;\"><div class=\"fusion-column-wrapper fusion-column-has-shadow fusion-flex-justify-content-flex-start fusion-content-layout-column\"><div class=\"fusion-text fusion-text-1\" style=\"--awb-content-alignment:justify;--awb-font-size:19px;--awb-text-font-family:&quot;Poppins&quot;;--awb-text-font-style:normal;--awb-text-font-weight:400;\"><p><strong>Neftal\u00ed Maldonado<\/strong> y <strong>Sheila Berr\u00edos<\/strong> son pastores conforme al coraz\u00f3n de Dios. Son personas como t\u00fa y como yo que aceptaron el llamado del Padre celestial para discipular en la Verdad que es Jes\u00fas mismo. Su gran dedicaci\u00f3n y compromiso por la labor se refleja en el cuidado que le dan a su congregaci\u00f3n, a la cual consideran familia. Ambos se distinguen por su integridad, transparencia, su servicio, y sobretodo, por el amor que vierten donde quiera que se encuentran. Anhelan siempre promover un ambiente de consagraci\u00f3n, adoraci\u00f3n, de unidad y lleno de la presencia de Dios para que cada miembro o visitante de <strong>La Vida Church<\/strong> pueda encontrar y vivir el prop\u00f3sito por el cual ha sido creado. La educaci\u00f3n en la Palabra y la aplicaci\u00f3n de sus principios es el fundamento principal que dirige cada reuni\u00f3n, ense\u00f1anza y predicaci\u00f3n. Definitivamente, Dios usa la voz y los brazos de este hermoso matrimonio para sanar, restaurar e impulsar las almas a un verdadero encuentro con Su Identidad en Cristo.<\/p>\n<\/div><\/div><\/div><div class=\"fusion-layout-column fusion_builder_column fusion-builder-column-1 fusion_builder_column_1_3 1_3 fusion-flex-column\" style=\"--awb-bg-size:cover;--awb-width-large:33.333333333333%;--awb-margin-top-large:0px;--awb-spacing-right-large:5.76%;--awb-margin-bottom-large:20px;--awb-spacing-left-large:5.76%;--awb-width-medium:33.333333333333%;--awb-order-medium:0;--awb-spacing-right-medium:5.76%;--awb-spacing-left-medium:5.76%;--awb-width-small:100%;--awb-order-small:0;--awb-spacing-right-small:1.92%;--awb-spacing-left-small:1.92%;\"><div class=\"fusion-column-wrapper fusion-column-has-shadow fusion-flex-justify-content-flex-start fusion-content-layout-column\"><div class=\"fusion-image-element \" style=\"text-align:center;--awb-liftup-border-radius:0px;--awb-margin-top:50px;--awb-caption-title-font-family:var(--h2_typography-font-family);--awb-caption-title-font-weight:var(--h2_typography-font-weight);--awb-caption-title-font-style:var(--h2_typography-font-style);--awb-caption-title-size:var(--h2_typography-font-size);--awb-caption-title-transform:var(--h2_typography-text-transform);--awb-caption-title-line-height:var(--h2_typography-line-height);--awb-caption-title-letter-spacing:var(--h2_typography-letter-spacing);\"><div class=\"awb-image-frame awb-image-frame-1 imageframe-liftup fusion-animated\" data-animationType=\"fadeInLeft\" data-animationDuration=\"1.4\" data-animationOffset=\"top-into-view\"><span class=\" fusion-imageframe imageframe-none imageframe-1\"><img decoding=\"async\" width=\"1024\" height=\"988\" title=\"Pastores\" src=\"https:\/\/www.lavidachurch.com\/web\/wp-content\/uploads\/2023\/08\/Pastores.jpeg\" alt class=\"img-responsive wp-image-468\" srcset=\"https:\/\/www.lavidachurch.com\/web\/wp-content\/uploads\/2023\/08\/Pastores-200x193.jpeg 200w, https:\/\/www.lavidachurch.com\/web\/wp-content\/uploads\/2023\/08\/Pastores-400x386.jpeg 400w, https:\/\/www.lavidachurch.com\/web\/wp-content\/uploads\/2023\/08\/Pastores-600x579.jpeg 600w, https:\/\/www.lavidachurch.com\/web\/wp-content\/uploads\/2023\/08\/Pastores-800x772.jpeg 800w, https:\/\/www.lavidachurch.com\/web\/wp-content\/uploads\/2023\/08\/Pastores.jpeg 1024w\" sizes=\"(max-width: 640px) 100vw, 400px\" \/><\/span><\/div><\/div><\/div><\/div><\/div><\/div>\n","protected":false},"excerpt":{"rendered":"","protected":false},"author":1,"featured_media":0,"parent":0,"menu_order":0,"comment_status":"closed","ping_status":"closed","template":"100-width.php","meta":{"footnotes":""},"class_list":["post-230","page","type-page","status-publish","hentry"],"_links":{"self":[{"href":"https:\/\/www.lavidachurch.com\/web\/wp-json\/wp\/v2\/pages\/230","targetHints":{"allow":["GET"]}}],"collection":[{"href":"https:\/\/www.lavidachurch.com\/web\/wp-json\/wp\/v2\/pages"}],"about":[{"href":"https:\/\/www.lavidachurch.com\/web\/wp-json\/wp\/v2\/types\/page"}],"author":[{"embeddable":true,"href":"https:\/\/www.lavidachurch.com\/web\/wp-json\/wp\/v2\/users\/1"}],"replies":[{"embeddable":true,"href":"https:\/\/www.lavidachurch.com\/web\/wp-json\/wp\/v2\/comments?post=230"}],"version-history":[{"count":13,"href":"https:\/\/www.lavidachurch.com\/web\/wp-json\/wp\/v2\/pages\/230\/revisions"}],"predecessor-version":[{"id":470,"href":"https:\/\/www.lavidachurch.com\/web\/wp-json\/wp\/v2\/pages\/230\/revisions\/470"}],"wp:attachment":[{"href":"https:\/\/www.lavidachurch.com\/web\/wp-json\/wp\/v2\/media?parent=230"}],"curies":[{"name":"wp","href":"https:\/\/api.w.org\/{rel}","templated":true}]}}