{"id":237,"date":"2023-07-30T01:02:54","date_gmt":"2023-07-30T01:02:54","guid":{"rendered":"https:\/\/www.lavidachurch.com\/web\/?page_id=237"},"modified":"2023-07-30T06:27:36","modified_gmt":"2023-07-30T06:27:36","slug":"la-vida-mens","status":"publish","type":"page","link":"https:\/\/www.lavidachurch.com\/web\/la-vida-mens\/","title":{"rendered":"Vida Mens"},"content":{"rendered":"<div class=\"fusion-fullwidth fullwidth-box fusion-builder-row-1 fusion-flex-container has-pattern-background has-mask-background nonhundred-percent-fullwidth non-hundred-percent-height-scrolling\" style=\"--awb-border-radius-top-left:0px;--awb-border-radius-top-right:0px;--awb-border-radius-bottom-right:0px;--awb-border-radius-bottom-left:0px;--awb-flex-wrap:wrap;\" ><div class=\"fusion-builder-row fusion-row fusion-flex-align-items-flex-start fusion-flex-content-wrap\" style=\"max-width:1248px;margin-left: calc(-4% \/ 2 );margin-right: calc(-4% \/ 2 );\"><div class=\"fusion-layout-column fusion_builder_column fusion-builder-column-0 fusion_builder_column_1_1 1_1 fusion-flex-column\" style=\"--awb-bg-size:cover;--awb-width-large:100%;--awb-margin-top-large:0px;--awb-spacing-right-large:1.92%;--awb-margin-bottom-large:20px;--awb-spacing-left-large:1.92%;--awb-width-medium:100%;--awb-order-medium:0;--awb-spacing-right-medium:1.92%;--awb-spacing-left-medium:1.92%;--awb-width-small:100%;--awb-order-small:0;--awb-spacing-right-small:1.92%;--awb-spacing-left-small:1.92%;\"><div class=\"fusion-column-wrapper fusion-column-has-shadow fusion-flex-justify-content-flex-start fusion-content-layout-column\"><div class=\"fusion-text fusion-text-1\" style=\"--awb-content-alignment:justify;--awb-font-size:25px;--awb-text-font-family:&quot;Poppins&quot;;--awb-text-font-style:normal;--awb-text-font-weight:400;\"><p>El ministerio de hombres est\u00e1 enfocado en ayudarte a seguir a Jes\u00fas con coraje, fuerza y resistencia en cada \u00e1rea de tu vida. Disc\u00edpulando, mientras llevamos el evangelio a otros hombres.<\/p>\n<\/div><div class=\"fusion-title title fusion-title-1 fusion-title-center fusion-title-text fusion-title-size-three\" style=\"--awb-margin-top-small:10px;--awb-margin-right-small:0px;--awb-margin-bottom-small:10px;--awb-margin-left-small:0px;--awb-sep-color:#afafaf;\"><div class=\"title-sep-container title-sep-container-left\"><div class=\"title-sep sep-single sep-solid\" style=\"border-color:#afafaf;\"><\/div><\/div><span class=\"awb-title-spacer\"><\/span><h3 class=\"fusion-title-heading title-heading-center\" style=\"font-family:&quot;Poppins&quot;;font-style:normal;font-weight:400;margin:0;text-transform:uppercase;\">10 de junio de 2023<\/h3><span class=\"awb-title-spacer\"><\/span><div class=\"title-sep-container title-sep-container-right\"><div class=\"title-sep sep-single sep-solid\" style=\"border-color:#afafaf;\"><\/div><\/div><\/div><div class=\"fusion-image-carousel fusion-image-carousel-auto fusion-image-carousel-1 fusion-carousel-border\"><div class=\"awb-carousel awb-swiper awb-swiper-carousel awb-carousel--carousel awb-swiper-dots-position-bottom\" data-layout=\"carousel\" data-autoplay=\"yes\" data-autoplayspeed=\"2500\" data-autoplaypause=\"no\" data-loop=\"yes\" data-columns=\"5\" data-columnsmedium=\"1\" data-columnssmall=\"1\" data-itemmargin=\"13\" data-itemwidth=\"180\" data-touchscroll=\"drag\" data-freemode=\"no\" data-imagesize=\"auto\" data-scrollitems=\"1\" data-centeredslides=\"no\" data-rotationangle=\"50\" data-depth=\"100\" data-speed=\"500\" data-shadow=\"no\" data-pagination=\"bullets\" style=\"--awb-border-width:1px;--awb-border-color:#e9eaee;\"><div class=\"swiper-wrapper awb-image-carousel-wrapper fusion-flex-align-items-center\"><div class=\"swiper-slide\"><div class=\"fusion-carousel-item-wrapper\"><div class=\"fusion-image-wrapper hover-type-liftup\"><img decoding=\"async\" width=\"900\" height=\"1600\" src=\"https:\/\/www.lavidachurch.com\/web\/wp-content\/uploads\/2023\/07\/1.jpg\" class=\"attachment-full size-full\" alt=\"\" srcset=\"https:\/\/www.lavidachurch.com\/web\/wp-content\/uploads\/2023\/07\/1-200x356.jpg 200w, https:\/\/www.lavidachurch.com\/web\/wp-content\/uploads\/2023\/07\/1-400x711.jpg 400w, https:\/\/www.lavidachurch.com\/web\/wp-content\/uploads\/2023\/07\/1-600x1067.jpg 600w, https:\/\/www.lavidachurch.com\/web\/wp-content\/uploads\/2023\/07\/1-800x1422.jpg 800w, https:\/\/www.lavidachurch.com\/web\/wp-content\/uploads\/2023\/07\/1.jpg 900w\" sizes=\"(min-width: 2200px) 100vw, (min-width: 928px) 230px, (min-width: 856px) 287px, (min-width: 784px) 383px, (min-width: 712px) 574px, (min-width: 640px) 712px, \" \/><\/div><\/div><\/div><div class=\"swiper-slide\"><div class=\"fusion-carousel-item-wrapper\"><div class=\"fusion-image-wrapper hover-type-liftup\"><img decoding=\"async\" width=\"900\" height=\"1600\" src=\"https:\/\/www.lavidachurch.com\/web\/wp-content\/uploads\/2023\/07\/2.jpg\" class=\"attachment-full size-full\" alt=\"\" srcset=\"https:\/\/www.lavidachurch.com\/web\/wp-content\/uploads\/2023\/07\/2-200x356.jpg 200w, https:\/\/www.lavidachurch.com\/web\/wp-content\/uploads\/2023\/07\/2-400x711.jpg 400w, https:\/\/www.lavidachurch.com\/web\/wp-content\/uploads\/2023\/07\/2-600x1067.jpg 600w, https:\/\/www.lavidachurch.com\/web\/wp-content\/uploads\/2023\/07\/2-800x1422.jpg 800w, https:\/\/www.lavidachurch.com\/web\/wp-content\/uploads\/2023\/07\/2.jpg 900w\" sizes=\"(min-width: 2200px) 100vw, (min-width: 928px) 230px, (min-width: 856px) 287px, (min-width: 784px) 383px, (min-width: 712px) 574px, (min-width: 640px) 712px, \" \/><\/div><\/div><\/div><div class=\"swiper-slide\"><div class=\"fusion-carousel-item-wrapper\"><div class=\"fusion-image-wrapper hover-type-liftup\"><img decoding=\"async\" width=\"900\" height=\"1600\" src=\"https:\/\/www.lavidachurch.com\/web\/wp-content\/uploads\/2023\/07\/3.jpg\" class=\"attachment-full size-full\" alt=\"\" srcset=\"https:\/\/www.lavidachurch.com\/web\/wp-content\/uploads\/2023\/07\/3-200x356.jpg 200w, https:\/\/www.lavidachurch.com\/web\/wp-content\/uploads\/2023\/07\/3-400x711.jpg 400w, https:\/\/www.lavidachurch.com\/web\/wp-content\/uploads\/2023\/07\/3-600x1067.jpg 600w, https:\/\/www.lavidachurch.com\/web\/wp-content\/uploads\/2023\/07\/3-800x1422.jpg 800w, https:\/\/www.lavidachurch.com\/web\/wp-content\/uploads\/2023\/07\/3.jpg 900w\" sizes=\"(min-width: 2200px) 100vw, (min-width: 928px) 230px, (min-width: 856px) 287px, (min-width: 784px) 383px, (min-width: 712px) 574px, (min-width: 640px) 712px, \" \/><\/div><\/div><\/div><div class=\"swiper-slide\"><div class=\"fusion-carousel-item-wrapper\"><div class=\"fusion-image-wrapper hover-type-liftup\"><img decoding=\"async\" width=\"900\" height=\"1600\" src=\"https:\/\/www.lavidachurch.com\/web\/wp-content\/uploads\/2023\/07\/4.jpg\" class=\"attachment-full size-full\" alt=\"\" srcset=\"https:\/\/www.lavidachurch.com\/web\/wp-content\/uploads\/2023\/07\/4-200x356.jpg 200w, https:\/\/www.lavidachurch.com\/web\/wp-content\/uploads\/2023\/07\/4-400x711.jpg 400w, https:\/\/www.lavidachurch.com\/web\/wp-content\/uploads\/2023\/07\/4-600x1067.jpg 600w, https:\/\/www.lavidachurch.com\/web\/wp-content\/uploads\/2023\/07\/4-800x1422.jpg 800w, https:\/\/www.lavidachurch.com\/web\/wp-content\/uploads\/2023\/07\/4.jpg 900w\" sizes=\"(min-width: 2200px) 100vw, (min-width: 928px) 230px, (min-width: 856px) 287px, (min-width: 784px) 383px, (min-width: 712px) 574px, (min-width: 640px) 712px, \" \/><\/div><\/div><\/div><div class=\"swiper-slide\"><div class=\"fusion-carousel-item-wrapper\"><div class=\"fusion-image-wrapper hover-type-liftup\"><img decoding=\"async\" width=\"900\" height=\"1600\" src=\"https:\/\/www.lavidachurch.com\/web\/wp-content\/uploads\/2023\/07\/5.jpg\" class=\"attachment-full size-full\" alt=\"\" srcset=\"https:\/\/www.lavidachurch.com\/web\/wp-content\/uploads\/2023\/07\/5-200x356.jpg 200w, https:\/\/www.lavidachurch.com\/web\/wp-content\/uploads\/2023\/07\/5-400x711.jpg 400w, https:\/\/www.lavidachurch.com\/web\/wp-content\/uploads\/2023\/07\/5-600x1067.jpg 600w, https:\/\/www.lavidachurch.com\/web\/wp-content\/uploads\/2023\/07\/5-800x1422.jpg 800w, https:\/\/www.lavidachurch.com\/web\/wp-content\/uploads\/2023\/07\/5.jpg 900w\" sizes=\"(min-width: 2200px) 100vw, (min-width: 928px) 230px, (min-width: 856px) 287px, (min-width: 784px) 383px, (min-width: 712px) 574px, (min-width: 640px) 712px, \" \/><\/div><\/div><\/div><div class=\"swiper-slide\"><div class=\"fusion-carousel-item-wrapper\"><div class=\"fusion-image-wrapper hover-type-liftup\"><img decoding=\"async\" width=\"900\" height=\"1600\" src=\"https:\/\/www.lavidachurch.com\/web\/wp-content\/uploads\/2023\/07\/6.jpg\" class=\"attachment-full size-full\" alt=\"\" srcset=\"https:\/\/www.lavidachurch.com\/web\/wp-content\/uploads\/2023\/07\/6-200x356.jpg 200w, https:\/\/www.lavidachurch.com\/web\/wp-content\/uploads\/2023\/07\/6-400x711.jpg 400w, https:\/\/www.lavidachurch.com\/web\/wp-content\/uploads\/2023\/07\/6-600x1067.jpg 600w, https:\/\/www.lavidachurch.com\/web\/wp-content\/uploads\/2023\/07\/6-800x1422.jpg 800w, https:\/\/www.lavidachurch.com\/web\/wp-content\/uploads\/2023\/07\/6.jpg 900w\" sizes=\"(min-width: 2200px) 100vw, (min-width: 928px) 230px, (min-width: 856px) 287px, (min-width: 784px) 383px, (min-width: 712px) 574px, (min-width: 640px) 712px, \" \/><\/div><\/div><\/div><div class=\"swiper-slide\"><div class=\"fusion-carousel-item-wrapper\"><div class=\"fusion-image-wrapper hover-type-liftup\"><img decoding=\"async\" width=\"900\" height=\"1600\" src=\"https:\/\/www.lavidachurch.com\/web\/wp-content\/uploads\/2023\/07\/7.jpg\" class=\"attachment-full size-full\" alt=\"\" srcset=\"https:\/\/www.lavidachurch.com\/web\/wp-content\/uploads\/2023\/07\/7-200x356.jpg 200w, https:\/\/www.lavidachurch.com\/web\/wp-content\/uploads\/2023\/07\/7-400x711.jpg 400w, https:\/\/www.lavidachurch.com\/web\/wp-content\/uploads\/2023\/07\/7-600x1067.jpg 600w, https:\/\/www.lavidachurch.com\/web\/wp-content\/uploads\/2023\/07\/7-800x1422.jpg 800w, https:\/\/www.lavidachurch.com\/web\/wp-content\/uploads\/2023\/07\/7.jpg 900w\" sizes=\"(min-width: 2200px) 100vw, (min-width: 928px) 230px, (min-width: 856px) 287px, (min-width: 784px) 383px, (min-width: 712px) 574px, (min-width: 640px) 712px, \" \/><\/div><\/div><\/div><div class=\"swiper-slide\"><div class=\"fusion-carousel-item-wrapper\"><div class=\"fusion-image-wrapper hover-type-liftup\"><img decoding=\"async\" width=\"900\" height=\"1600\" src=\"https:\/\/www.lavidachurch.com\/web\/wp-content\/uploads\/2023\/07\/8.jpg\" class=\"attachment-full size-full\" alt=\"\" srcset=\"https:\/\/www.lavidachurch.com\/web\/wp-content\/uploads\/2023\/07\/8-200x356.jpg 200w, https:\/\/www.lavidachurch.com\/web\/wp-content\/uploads\/2023\/07\/8-400x711.jpg 400w, https:\/\/www.lavidachurch.com\/web\/wp-content\/uploads\/2023\/07\/8-600x1067.jpg 600w, https:\/\/www.lavidachurch.com\/web\/wp-content\/uploads\/2023\/07\/8-800x1422.jpg 800w, https:\/\/www.lavidachurch.com\/web\/wp-content\/uploads\/2023\/07\/8.jpg 900w\" sizes=\"(min-width: 2200px) 100vw, (min-width: 928px) 230px, (min-width: 856px) 287px, (min-width: 784px) 383px, (min-width: 712px) 574px, (min-width: 640px) 712px, \" \/><\/div><\/div><\/div><\/div><div class=\"awb-swiper-button awb-swiper-button-prev\"><i class=\"awb-icon-angle-left\" aria-hidden=\"true\"><\/i><\/div><div class=\"awb-swiper-button awb-swiper-button-next\"><i class=\"awb-icon-angle-right\" aria-hidden=\"true\"><\/i><\/div><\/div><\/div><\/div><\/div><\/div><\/div>\n","protected":false},"excerpt":{"rendered":"","protected":false},"author":1,"featured_media":0,"parent":0,"menu_order":0,"comment_status":"closed","ping_status":"closed","template":"100-width.php","meta":{"footnotes":""},"class_list":["post-237","page","type-page","status-publish","hentry"],"_links":{"self":[{"href":"https:\/\/www.lavidachurch.com\/web\/wp-json\/wp\/v2\/pages\/237","targetHints":{"allow":["GET"]}}],"collection":[{"href":"https:\/\/www.lavidachurch.com\/web\/wp-json\/wp\/v2\/pages"}],"about":[{"href":"https:\/\/www.lavidachurch.com\/web\/wp-json\/wp\/v2\/types\/page"}],"author":[{"embeddable":true,"href":"https:\/\/www.lavidachurch.com\/web\/wp-json\/wp\/v2\/users\/1"}],"replies":[{"embeddable":true,"href":"https:\/\/www.lavidachurch.com\/web\/wp-json\/wp\/v2\/comments?post=237"}],"version-history":[{"count":5,"href":"https:\/\/www.lavidachurch.com\/web\/wp-json\/wp\/v2\/pages\/237\/revisions"}],"predecessor-version":[{"id":399,"href":"https:\/\/www.lavidachurch.com\/web\/wp-json\/wp\/v2\/pages\/237\/revisions\/399"}],"wp:attachment":[{"href":"https:\/\/www.lavidachurch.com\/web\/wp-json\/wp\/v2\/media?parent=237"}],"curies":[{"name":"wp","href":"https:\/\/api.w.org\/{rel}","templated":true}]}}