{"id":245,"date":"2023-07-30T01:09:56","date_gmt":"2023-07-30T01:09:56","guid":{"rendered":"https:\/\/www.lavidachurch.com\/web\/?page_id=245"},"modified":"2023-07-30T07:51:44","modified_gmt":"2023-07-30T07:51:44","slug":"ubicacion-y-horario","status":"publish","type":"page","link":"https:\/\/www.lavidachurch.com\/web\/ubicacion-y-horario\/","title":{"rendered":"Ubicaci\u00f3n y Horario"},"content":{"rendered":"<div class=\"fusion-fullwidth fullwidth-box fusion-builder-row-1 fusion-flex-container has-pattern-background has-mask-background nonhundred-percent-fullwidth non-hundred-percent-height-scrolling\" style=\"--awb-border-radius-top-left:0px;--awb-border-radius-top-right:0px;--awb-border-radius-bottom-right:0px;--awb-border-radius-bottom-left:0px;--awb-padding-bottom:0px;--awb-margin-bottom:0px;--awb-flex-wrap:wrap;\" ><div class=\"fusion-builder-row fusion-row fusion-flex-align-items-flex-start fusion-flex-content-wrap\" style=\"max-width:1248px;margin-left: calc(-4% \/ 2 );margin-right: calc(-4% \/ 2 );\"><div class=\"fusion-layout-column fusion_builder_column fusion-builder-column-0 fusion_builder_column_1_1 1_1 fusion-flex-column\" style=\"--awb-bg-size:cover;--awb-width-large:100%;--awb-margin-top-large:0px;--awb-spacing-right-large:1.92%;--awb-margin-bottom-large:20px;--awb-spacing-left-large:1.92%;--awb-width-medium:100%;--awb-order-medium:0;--awb-spacing-right-medium:1.92%;--awb-spacing-left-medium:1.92%;--awb-width-small:100%;--awb-order-small:0;--awb-spacing-right-small:1.92%;--awb-spacing-left-small:1.92%;\"><div class=\"fusion-column-wrapper fusion-column-has-shadow fusion-flex-justify-content-flex-start fusion-content-layout-column\"><div class=\"fusion-text fusion-text-1\" style=\"--awb-font-size:25px;--awb-text-font-family:&quot;Poppins&quot;;--awb-text-font-style:normal;--awb-text-font-weight:400;\"><p style=\"text-align: center;\"><strong>La Vida Church &#8211; Horario de Servicios<\/strong><\/p>\n<p style=\"text-align: center;\">Est\u00fadios B\u00edblicos: Mi\u00e9rcoles 7:00 pm a 8:00pm<br \/>Servicio de Adoraci\u00f3n: Domingo 1:30 pm<\/p>\n<p style=\"text-align: center;\"><strong>Direcci\u00f3n F\u00edsica:<\/strong><br \/>4001 Picciola Rd<br \/>Fruitland Park, FL 34731<\/p>\n<p style=\"text-align: center;\"><strong>Email:&nbsp;<\/strong><br \/>lavidachurch4001@gmail.com<\/p>\n<p style=\"text-align: center;\"><strong>Tel\u00e9fonos:<\/strong><br \/>352-901-7246<br \/>352-787-7962 Ext. 221<\/p>\n<\/div><\/div><\/div><div class=\"fusion-layout-column fusion_builder_column fusion-builder-column-1 fusion_builder_column_1_1 1_1 fusion-flex-column\" style=\"--awb-bg-size:cover;--awb-width-large:100%;--awb-margin-top-large:0px;--awb-spacing-right-large:1.92%;--awb-margin-bottom-large:20px;--awb-spacing-left-large:1.92%;--awb-width-medium:100%;--awb-order-medium:0;--awb-spacing-right-medium:1.92%;--awb-spacing-left-medium:1.92%;--awb-width-small:100%;--awb-order-small:0;--awb-spacing-right-small:1.92%;--awb-spacing-left-small:1.92%;\"><div class=\"fusion-column-wrapper fusion-column-has-shadow fusion-flex-justify-content-flex-start fusion-content-layout-column\"><div class=\"fusion-image-element \" style=\"--awb-caption-title-font-family:var(--h2_typography-font-family);--awb-caption-title-font-weight:var(--h2_typography-font-weight);--awb-caption-title-font-style:var(--h2_typography-font-style);--awb-caption-title-size:var(--h2_typography-font-size);--awb-caption-title-transform:var(--h2_typography-text-transform);--awb-caption-title-line-height:var(--h2_typography-line-height);--awb-caption-title-letter-spacing:var(--h2_typography-letter-spacing);\"><span class=\" fusion-imageframe imageframe-none imageframe-1 hover-type-none\"><img decoding=\"async\" width=\"2416\" height=\"1018\" title=\"Map\" src=\"https:\/\/www.lavidachurch.com\/web\/wp-content\/uploads\/2023\/07\/Map.jpg\" alt class=\"img-responsive wp-image-410\" srcset=\"https:\/\/www.lavidachurch.com\/web\/wp-content\/uploads\/2023\/07\/Map-200x84.jpg 200w, https:\/\/www.lavidachurch.com\/web\/wp-content\/uploads\/2023\/07\/Map-400x169.jpg 400w, https:\/\/www.lavidachurch.com\/web\/wp-content\/uploads\/2023\/07\/Map-600x253.jpg 600w, https:\/\/www.lavidachurch.com\/web\/wp-content\/uploads\/2023\/07\/Map-800x337.jpg 800w, https:\/\/www.lavidachurch.com\/web\/wp-content\/uploads\/2023\/07\/Map-1200x506.jpg 1200w, https:\/\/www.lavidachurch.com\/web\/wp-content\/uploads\/2023\/07\/Map.jpg 2416w\" sizes=\"(max-width: 640px) 100vw, 1200px\" \/><\/span><\/div><\/div><\/div><\/div><\/div>\n","protected":false},"excerpt":{"rendered":"","protected":false},"author":1,"featured_media":0,"parent":0,"menu_order":0,"comment_status":"closed","ping_status":"closed","template":"100-width.php","meta":{"footnotes":""},"class_list":["post-245","page","type-page","status-publish","hentry"],"_links":{"self":[{"href":"https:\/\/www.lavidachurch.com\/web\/wp-json\/wp\/v2\/pages\/245","targetHints":{"allow":["GET"]}}],"collection":[{"href":"https:\/\/www.lavidachurch.com\/web\/wp-json\/wp\/v2\/pages"}],"about":[{"href":"https:\/\/www.lavidachurch.com\/web\/wp-json\/wp\/v2\/types\/page"}],"author":[{"embeddable":true,"href":"https:\/\/www.lavidachurch.com\/web\/wp-json\/wp\/v2\/users\/1"}],"replies":[{"embeddable":true,"href":"https:\/\/www.lavidachurch.com\/web\/wp-json\/wp\/v2\/comments?post=245"}],"version-history":[{"count":10,"href":"https:\/\/www.lavidachurch.com\/web\/wp-json\/wp\/v2\/pages\/245\/revisions"}],"predecessor-version":[{"id":413,"href":"https:\/\/www.lavidachurch.com\/web\/wp-json\/wp\/v2\/pages\/245\/revisions\/413"}],"wp:attachment":[{"href":"https:\/\/www.lavidachurch.com\/web\/wp-json\/wp\/v2\/media?parent=245"}],"curies":[{"name":"wp","href":"https:\/\/api.w.org\/{rel}","templated":true}]}}