{"id":253,"date":"2023-07-30T02:09:08","date_gmt":"2023-07-30T02:09:08","guid":{"rendered":"https:\/\/www.lavidachurch.com\/web\/?page_id=253"},"modified":"2023-07-30T15:15:29","modified_gmt":"2023-07-30T15:15:29","slug":"vida-kids","status":"publish","type":"page","link":"https:\/\/www.lavidachurch.com\/web\/vida-kids\/","title":{"rendered":"Vida Kids"},"content":{"rendered":"<p><div class=\"fusion-fullwidth fullwidth-box fusion-builder-row-1 fusion-flex-container has-pattern-background has-mask-background nonhundred-percent-fullwidth non-hundred-percent-height-scrolling\" style=\"--awb-border-radius-top-left:0px;--awb-border-radius-top-right:0px;--awb-border-radius-bottom-right:0px;--awb-border-radius-bottom-left:0px;--awb-flex-wrap:wrap;\" ><div class=\"fusion-builder-row fusion-row fusion-flex-align-items-flex-start fusion-flex-content-wrap\" style=\"max-width:1248px;margin-left: calc(-4% \/ 2 );margin-right: calc(-4% \/ 2 );\"><div class=\"fusion-layout-column fusion_builder_column fusion-builder-column-0 fusion_builder_column_1_1 1_1 fusion-flex-column\" style=\"--awb-bg-size:cover;--awb-width-large:100%;--awb-margin-top-large:0px;--awb-spacing-right-large:1.92%;--awb-margin-bottom-large:20px;--awb-spacing-left-large:1.92%;--awb-width-medium:100%;--awb-order-medium:0;--awb-spacing-right-medium:1.92%;--awb-spacing-left-medium:1.92%;--awb-width-small:100%;--awb-order-small:0;--awb-spacing-right-small:1.92%;--awb-spacing-left-small:1.92%;\"><div class=\"fusion-column-wrapper fusion-column-has-shadow fusion-flex-justify-content-flex-start fusion-content-layout-column\"><div class=\"fusion-text fusion-text-1 fusion-text-no-margin\" style=\"--awb-font-size:25px;--awb-margin-bottom:0px;--awb-text-font-family:&quot;Poppins&quot;;--awb-text-font-style:normal;--awb-text-font-weight:400;\"><p>Este ministerio ense\u00f1a y ayuda a formar a los ni\u00f1os en el conocimiento de la Palabra de Dios. Todas las actividades que desarrollamos con los ni\u00f1os, est\u00e1n enfocadas en llevar el mensaje de amor de Jes\u00fas y que ellos descubran las verdades maravillosas que se encuentran en la Palabra de Dios.<\/p>\n<p>Actividades que se realizan:<\/p>\n<ul>\n<li>Oraci\u00f3n<\/li>\n<li>Ense\u00f1anza de la Palabra de Dios<\/li>\n<li>Juego (Vers\u00edculos de memoria)<\/li>\n<li>Y mucho m\u00e1s&#8230;<\/li>\n<\/ul>\n<p>Este ministerio tambi\u00e9n ense\u00f1a c\u00f3mo alabar al Se\u00f1or y amarse los unos a los otros.<\/p>\n<\/div><\/div><\/div><div class=\"fusion-layout-column fusion_builder_column fusion-builder-column-1 fusion_builder_column_1_2 1_2 fusion-flex-column\" style=\"--awb-bg-size:cover;--awb-width-large:50%;--awb-margin-top-large:0px;--awb-spacing-right-large:3.84%;--awb-margin-bottom-large:20px;--awb-spacing-left-large:3.84%;--awb-width-medium:50%;--awb-order-medium:0;--awb-spacing-right-medium:3.84%;--awb-spacing-left-medium:3.84%;--awb-width-small:100%;--awb-order-small:0;--awb-spacing-right-small:1.92%;--awb-spacing-left-small:1.92%;\"><div class=\"fusion-column-wrapper fusion-column-has-shadow fusion-flex-justify-content-flex-start fusion-content-layout-column\"><div class=\"fusion-image-carousel fusion-image-carousel-auto fusion-image-carousel-1 fusion-carousel-border\" style=\"margin-top:50px;\"><div class=\"awb-carousel awb-swiper awb-swiper-carousel awb-carousel--carousel awb-swiper-dots-position-bottom\" data-layout=\"carousel\" data-autoplay=\"yes\" data-autoplayspeed=\"2500\" data-autoplaypause=\"no\" data-loop=\"yes\" data-columns=\"1\" data-columnsmedium=\"1\" data-columnssmall=\"1\" data-itemmargin=\"13\" data-itemwidth=\"180\" data-touchscroll=\"drag\" data-freemode=\"no\" data-imagesize=\"auto\" data-scrollitems=\"1\" data-centeredslides=\"no\" data-rotationangle=\"50\" data-depth=\"100\" data-speed=\"500\" data-shadow=\"no\" data-pagination=\"bullets\" style=\"--awb-columns:1;--awb-border-width:1px;--awb-border-color:#e9eaee;\"><div class=\"swiper-wrapper awb-image-carousel-wrapper fusion-flex-align-items-flex-start\"><div class=\"swiper-slide\"><div class=\"fusion-carousel-item-wrapper\"><div class=\"fusion-image-wrapper hover-type-liftup\"><img decoding=\"async\" width=\"1600\" height=\"1200\" src=\"https:\/\/www.lavidachurch.com\/web\/wp-content\/uploads\/2023\/07\/1-2.jpg\" class=\"attachment-full size-full\" alt=\"\" srcset=\"https:\/\/www.lavidachurch.com\/web\/wp-content\/uploads\/2023\/07\/1-2-200x150.jpg 200w, https:\/\/www.lavidachurch.com\/web\/wp-content\/uploads\/2023\/07\/1-2-300x225.jpg 300w, https:\/\/www.lavidachurch.com\/web\/wp-content\/uploads\/2023\/07\/1-2-400x300.jpg 400w, https:\/\/www.lavidachurch.com\/web\/wp-content\/uploads\/2023\/07\/1-2-600x450.jpg 600w, https:\/\/www.lavidachurch.com\/web\/wp-content\/uploads\/2023\/07\/1-2-768x576.jpg 768w, https:\/\/www.lavidachurch.com\/web\/wp-content\/uploads\/2023\/07\/1-2-800x600.jpg 800w, https:\/\/www.lavidachurch.com\/web\/wp-content\/uploads\/2023\/07\/1-2-1024x768.jpg 1024w, https:\/\/www.lavidachurch.com\/web\/wp-content\/uploads\/2023\/07\/1-2-1200x900.jpg 1200w, https:\/\/www.lavidachurch.com\/web\/wp-content\/uploads\/2023\/07\/1-2-1536x1152.jpg 1536w, https:\/\/www.lavidachurch.com\/web\/wp-content\/uploads\/2023\/07\/1-2.jpg 1600w\" sizes=\"(max-width: 1600px) 100vw, 1600px\" \/><\/div><\/div><\/div><div class=\"swiper-slide\"><div class=\"fusion-carousel-item-wrapper\"><div class=\"fusion-image-wrapper hover-type-liftup\"><img decoding=\"async\" width=\"1600\" height=\"1200\" src=\"https:\/\/www.lavidachurch.com\/web\/wp-content\/uploads\/2023\/07\/2-2.jpg\" class=\"attachment-full size-full\" alt=\"\" srcset=\"https:\/\/www.lavidachurch.com\/web\/wp-content\/uploads\/2023\/07\/2-2-200x150.jpg 200w, https:\/\/www.lavidachurch.com\/web\/wp-content\/uploads\/2023\/07\/2-2-300x225.jpg 300w, https:\/\/www.lavidachurch.com\/web\/wp-content\/uploads\/2023\/07\/2-2-400x300.jpg 400w, https:\/\/www.lavidachurch.com\/web\/wp-content\/uploads\/2023\/07\/2-2-600x450.jpg 600w, https:\/\/www.lavidachurch.com\/web\/wp-content\/uploads\/2023\/07\/2-2-768x576.jpg 768w, https:\/\/www.lavidachurch.com\/web\/wp-content\/uploads\/2023\/07\/2-2-800x600.jpg 800w, https:\/\/www.lavidachurch.com\/web\/wp-content\/uploads\/2023\/07\/2-2-1024x768.jpg 1024w, https:\/\/www.lavidachurch.com\/web\/wp-content\/uploads\/2023\/07\/2-2-1200x900.jpg 1200w, https:\/\/www.lavidachurch.com\/web\/wp-content\/uploads\/2023\/07\/2-2-1536x1152.jpg 1536w, https:\/\/www.lavidachurch.com\/web\/wp-content\/uploads\/2023\/07\/2-2.jpg 1600w\" sizes=\"(max-width: 1600px) 100vw, 1600px\" \/><\/div><\/div><\/div><div class=\"swiper-slide\"><div class=\"fusion-carousel-item-wrapper\"><div class=\"fusion-image-wrapper hover-type-liftup\"><img decoding=\"async\" width=\"1600\" height=\"1200\" src=\"https:\/\/www.lavidachurch.com\/web\/wp-content\/uploads\/2023\/07\/3-2.jpg\" class=\"attachment-full size-full\" alt=\"\" srcset=\"https:\/\/www.lavidachurch.com\/web\/wp-content\/uploads\/2023\/07\/3-2-200x150.jpg 200w, https:\/\/www.lavidachurch.com\/web\/wp-content\/uploads\/2023\/07\/3-2-300x225.jpg 300w, https:\/\/www.lavidachurch.com\/web\/wp-content\/uploads\/2023\/07\/3-2-400x300.jpg 400w, https:\/\/www.lavidachurch.com\/web\/wp-content\/uploads\/2023\/07\/3-2-600x450.jpg 600w, https:\/\/www.lavidachurch.com\/web\/wp-content\/uploads\/2023\/07\/3-2-768x576.jpg 768w, https:\/\/www.lavidachurch.com\/web\/wp-content\/uploads\/2023\/07\/3-2-800x600.jpg 800w, https:\/\/www.lavidachurch.com\/web\/wp-content\/uploads\/2023\/07\/3-2-1024x768.jpg 1024w, https:\/\/www.lavidachurch.com\/web\/wp-content\/uploads\/2023\/07\/3-2-1200x900.jpg 1200w, https:\/\/www.lavidachurch.com\/web\/wp-content\/uploads\/2023\/07\/3-2-1536x1152.jpg 1536w, https:\/\/www.lavidachurch.com\/web\/wp-content\/uploads\/2023\/07\/3-2.jpg 1600w\" sizes=\"(max-width: 1600px) 100vw, 1600px\" \/><\/div><\/div><\/div><div class=\"swiper-slide\"><div class=\"fusion-carousel-item-wrapper\"><div class=\"fusion-image-wrapper hover-type-liftup\"><img decoding=\"async\" width=\"1600\" height=\"1200\" src=\"https:\/\/www.lavidachurch.com\/web\/wp-content\/uploads\/2023\/07\/4-2.jpg\" class=\"attachment-full size-full\" alt=\"\" srcset=\"https:\/\/www.lavidachurch.com\/web\/wp-content\/uploads\/2023\/07\/4-2-200x150.jpg 200w, https:\/\/www.lavidachurch.com\/web\/wp-content\/uploads\/2023\/07\/4-2-300x225.jpg 300w, https:\/\/www.lavidachurch.com\/web\/wp-content\/uploads\/2023\/07\/4-2-400x300.jpg 400w, https:\/\/www.lavidachurch.com\/web\/wp-content\/uploads\/2023\/07\/4-2-600x450.jpg 600w, https:\/\/www.lavidachurch.com\/web\/wp-content\/uploads\/2023\/07\/4-2-768x576.jpg 768w, https:\/\/www.lavidachurch.com\/web\/wp-content\/uploads\/2023\/07\/4-2-800x600.jpg 800w, https:\/\/www.lavidachurch.com\/web\/wp-content\/uploads\/2023\/07\/4-2-1024x768.jpg 1024w, https:\/\/www.lavidachurch.com\/web\/wp-content\/uploads\/2023\/07\/4-2-1200x900.jpg 1200w, https:\/\/www.lavidachurch.com\/web\/wp-content\/uploads\/2023\/07\/4-2-1536x1152.jpg 1536w, https:\/\/www.lavidachurch.com\/web\/wp-content\/uploads\/2023\/07\/4-2.jpg 1600w\" sizes=\"(max-width: 1600px) 100vw, 1600px\" \/><\/div><\/div><\/div><div class=\"swiper-slide\"><div class=\"fusion-carousel-item-wrapper\"><div class=\"fusion-image-wrapper hover-type-liftup\"><img decoding=\"async\" width=\"1600\" height=\"1200\" src=\"https:\/\/www.lavidachurch.com\/web\/wp-content\/uploads\/2023\/07\/5-2.jpg\" class=\"attachment-full size-full\" alt=\"\" srcset=\"https:\/\/www.lavidachurch.com\/web\/wp-content\/uploads\/2023\/07\/5-2-200x150.jpg 200w, https:\/\/www.lavidachurch.com\/web\/wp-content\/uploads\/2023\/07\/5-2-300x225.jpg 300w, https:\/\/www.lavidachurch.com\/web\/wp-content\/uploads\/2023\/07\/5-2-400x300.jpg 400w, https:\/\/www.lavidachurch.com\/web\/wp-content\/uploads\/2023\/07\/5-2-600x450.jpg 600w, https:\/\/www.lavidachurch.com\/web\/wp-content\/uploads\/2023\/07\/5-2-768x576.jpg 768w, https:\/\/www.lavidachurch.com\/web\/wp-content\/uploads\/2023\/07\/5-2-800x600.jpg 800w, https:\/\/www.lavidachurch.com\/web\/wp-content\/uploads\/2023\/07\/5-2-1024x768.jpg 1024w, https:\/\/www.lavidachurch.com\/web\/wp-content\/uploads\/2023\/07\/5-2-1200x900.jpg 1200w, https:\/\/www.lavidachurch.com\/web\/wp-content\/uploads\/2023\/07\/5-2-1536x1152.jpg 1536w, https:\/\/www.lavidachurch.com\/web\/wp-content\/uploads\/2023\/07\/5-2.jpg 1600w\" sizes=\"(max-width: 1600px) 100vw, 1600px\" \/><\/div><\/div><\/div><div class=\"swiper-slide\"><div class=\"fusion-carousel-item-wrapper\"><div class=\"fusion-image-wrapper hover-type-liftup\"><img decoding=\"async\" width=\"1600\" height=\"1200\" src=\"https:\/\/www.lavidachurch.com\/web\/wp-content\/uploads\/2023\/07\/6-2.jpg\" class=\"attachment-full size-full\" alt=\"\" srcset=\"https:\/\/www.lavidachurch.com\/web\/wp-content\/uploads\/2023\/07\/6-2-200x150.jpg 200w, https:\/\/www.lavidachurch.com\/web\/wp-content\/uploads\/2023\/07\/6-2-300x225.jpg 300w, https:\/\/www.lavidachurch.com\/web\/wp-content\/uploads\/2023\/07\/6-2-400x300.jpg 400w, https:\/\/www.lavidachurch.com\/web\/wp-content\/uploads\/2023\/07\/6-2-600x450.jpg 600w, https:\/\/www.lavidachurch.com\/web\/wp-content\/uploads\/2023\/07\/6-2-768x576.jpg 768w, https:\/\/www.lavidachurch.com\/web\/wp-content\/uploads\/2023\/07\/6-2-800x600.jpg 800w, https:\/\/www.lavidachurch.com\/web\/wp-content\/uploads\/2023\/07\/6-2-1024x768.jpg 1024w, https:\/\/www.lavidachurch.com\/web\/wp-content\/uploads\/2023\/07\/6-2-1200x900.jpg 1200w, https:\/\/www.lavidachurch.com\/web\/wp-content\/uploads\/2023\/07\/6-2-1536x1152.jpg 1536w, https:\/\/www.lavidachurch.com\/web\/wp-content\/uploads\/2023\/07\/6-2.jpg 1600w\" sizes=\"(max-width: 1600px) 100vw, 1600px\" \/><\/div><\/div><\/div><div class=\"swiper-slide\"><div class=\"fusion-carousel-item-wrapper\"><div class=\"fusion-image-wrapper hover-type-liftup\"><img decoding=\"async\" width=\"1600\" height=\"1200\" src=\"https:\/\/www.lavidachurch.com\/web\/wp-content\/uploads\/2023\/07\/7-1.jpg\" class=\"attachment-full size-full\" alt=\"\" srcset=\"https:\/\/www.lavidachurch.com\/web\/wp-content\/uploads\/2023\/07\/7-1-200x150.jpg 200w, https:\/\/www.lavidachurch.com\/web\/wp-content\/uploads\/2023\/07\/7-1-300x225.jpg 300w, https:\/\/www.lavidachurch.com\/web\/wp-content\/uploads\/2023\/07\/7-1-400x300.jpg 400w, https:\/\/www.lavidachurch.com\/web\/wp-content\/uploads\/2023\/07\/7-1-600x450.jpg 600w, https:\/\/www.lavidachurch.com\/web\/wp-content\/uploads\/2023\/07\/7-1-768x576.jpg 768w, https:\/\/www.lavidachurch.com\/web\/wp-content\/uploads\/2023\/07\/7-1-800x600.jpg 800w, https:\/\/www.lavidachurch.com\/web\/wp-content\/uploads\/2023\/07\/7-1-1024x768.jpg 1024w, https:\/\/www.lavidachurch.com\/web\/wp-content\/uploads\/2023\/07\/7-1-1200x900.jpg 1200w, https:\/\/www.lavidachurch.com\/web\/wp-content\/uploads\/2023\/07\/7-1-1536x1152.jpg 1536w, https:\/\/www.lavidachurch.com\/web\/wp-content\/uploads\/2023\/07\/7-1.jpg 1600w\" sizes=\"(max-width: 1600px) 100vw, 1600px\" \/><\/div><\/div><\/div><div class=\"swiper-slide\"><div class=\"fusion-carousel-item-wrapper\"><div class=\"fusion-image-wrapper hover-type-liftup\"><img decoding=\"async\" width=\"1600\" height=\"1200\" src=\"https:\/\/www.lavidachurch.com\/web\/wp-content\/uploads\/2023\/07\/8-1.jpg\" class=\"attachment-full size-full\" alt=\"\" srcset=\"https:\/\/www.lavidachurch.com\/web\/wp-content\/uploads\/2023\/07\/8-1-200x150.jpg 200w, https:\/\/www.lavidachurch.com\/web\/wp-content\/uploads\/2023\/07\/8-1-300x225.jpg 300w, https:\/\/www.lavidachurch.com\/web\/wp-content\/uploads\/2023\/07\/8-1-400x300.jpg 400w, https:\/\/www.lavidachurch.com\/web\/wp-content\/uploads\/2023\/07\/8-1-600x450.jpg 600w, https:\/\/www.lavidachurch.com\/web\/wp-content\/uploads\/2023\/07\/8-1-768x576.jpg 768w, https:\/\/www.lavidachurch.com\/web\/wp-content\/uploads\/2023\/07\/8-1-800x600.jpg 800w, https:\/\/www.lavidachurch.com\/web\/wp-content\/uploads\/2023\/07\/8-1-1024x768.jpg 1024w, https:\/\/www.lavidachurch.com\/web\/wp-content\/uploads\/2023\/07\/8-1-1200x900.jpg 1200w, https:\/\/www.lavidachurch.com\/web\/wp-content\/uploads\/2023\/07\/8-1-1536x1152.jpg 1536w, https:\/\/www.lavidachurch.com\/web\/wp-content\/uploads\/2023\/07\/8-1.jpg 1600w\" sizes=\"(max-width: 1600px) 100vw, 1600px\" \/><\/div><\/div><\/div><div class=\"swiper-slide\"><div class=\"fusion-carousel-item-wrapper\"><div class=\"fusion-image-wrapper hover-type-liftup\"><img decoding=\"async\" width=\"1600\" height=\"1200\" src=\"https:\/\/www.lavidachurch.com\/web\/wp-content\/uploads\/2023\/07\/9.jpg\" class=\"attachment-full size-full\" alt=\"\" srcset=\"https:\/\/www.lavidachurch.com\/web\/wp-content\/uploads\/2023\/07\/9-200x150.jpg 200w, https:\/\/www.lavidachurch.com\/web\/wp-content\/uploads\/2023\/07\/9-300x225.jpg 300w, https:\/\/www.lavidachurch.com\/web\/wp-content\/uploads\/2023\/07\/9-400x300.jpg 400w, https:\/\/www.lavidachurch.com\/web\/wp-content\/uploads\/2023\/07\/9-600x450.jpg 600w, https:\/\/www.lavidachurch.com\/web\/wp-content\/uploads\/2023\/07\/9-768x576.jpg 768w, https:\/\/www.lavidachurch.com\/web\/wp-content\/uploads\/2023\/07\/9-800x600.jpg 800w, https:\/\/www.lavidachurch.com\/web\/wp-content\/uploads\/2023\/07\/9-1024x768.jpg 1024w, https:\/\/www.lavidachurch.com\/web\/wp-content\/uploads\/2023\/07\/9-1200x900.jpg 1200w, https:\/\/www.lavidachurch.com\/web\/wp-content\/uploads\/2023\/07\/9-1536x1152.jpg 1536w, https:\/\/www.lavidachurch.com\/web\/wp-content\/uploads\/2023\/07\/9.jpg 1600w\" sizes=\"(max-width: 1600px) 100vw, 1600px\" \/><\/div><\/div><\/div><div class=\"swiper-slide\"><div class=\"fusion-carousel-item-wrapper\"><div class=\"fusion-image-wrapper hover-type-liftup\"><img decoding=\"async\" width=\"1600\" height=\"1200\" src=\"https:\/\/www.lavidachurch.com\/web\/wp-content\/uploads\/2023\/07\/10.jpg\" class=\"attachment-full size-full\" alt=\"\" srcset=\"https:\/\/www.lavidachurch.com\/web\/wp-content\/uploads\/2023\/07\/10-200x150.jpg 200w, https:\/\/www.lavidachurch.com\/web\/wp-content\/uploads\/2023\/07\/10-300x225.jpg 300w, https:\/\/www.lavidachurch.com\/web\/wp-content\/uploads\/2023\/07\/10-400x300.jpg 400w, https:\/\/www.lavidachurch.com\/web\/wp-content\/uploads\/2023\/07\/10-600x450.jpg 600w, https:\/\/www.lavidachurch.com\/web\/wp-content\/uploads\/2023\/07\/10-768x576.jpg 768w, https:\/\/www.lavidachurch.com\/web\/wp-content\/uploads\/2023\/07\/10-800x600.jpg 800w, https:\/\/www.lavidachurch.com\/web\/wp-content\/uploads\/2023\/07\/10-1024x768.jpg 1024w, https:\/\/www.lavidachurch.com\/web\/wp-content\/uploads\/2023\/07\/10-1200x900.jpg 1200w, https:\/\/www.lavidachurch.com\/web\/wp-content\/uploads\/2023\/07\/10-1536x1152.jpg 1536w, https:\/\/www.lavidachurch.com\/web\/wp-content\/uploads\/2023\/07\/10.jpg 1600w\" sizes=\"(max-width: 1600px) 100vw, 1600px\" \/><\/div><\/div><\/div><div class=\"swiper-slide\"><div class=\"fusion-carousel-item-wrapper\"><div class=\"fusion-image-wrapper hover-type-liftup\"><img decoding=\"async\" width=\"1600\" height=\"1200\" src=\"https:\/\/www.lavidachurch.com\/web\/wp-content\/uploads\/2023\/07\/11.jpg\" class=\"attachment-full size-full\" alt=\"\" srcset=\"https:\/\/www.lavidachurch.com\/web\/wp-content\/uploads\/2023\/07\/11-200x150.jpg 200w, https:\/\/www.lavidachurch.com\/web\/wp-content\/uploads\/2023\/07\/11-300x225.jpg 300w, https:\/\/www.lavidachurch.com\/web\/wp-content\/uploads\/2023\/07\/11-400x300.jpg 400w, https:\/\/www.lavidachurch.com\/web\/wp-content\/uploads\/2023\/07\/11-600x450.jpg 600w, https:\/\/www.lavidachurch.com\/web\/wp-content\/uploads\/2023\/07\/11-768x576.jpg 768w, https:\/\/www.lavidachurch.com\/web\/wp-content\/uploads\/2023\/07\/11-800x600.jpg 800w, https:\/\/www.lavidachurch.com\/web\/wp-content\/uploads\/2023\/07\/11-1024x768.jpg 1024w, https:\/\/www.lavidachurch.com\/web\/wp-content\/uploads\/2023\/07\/11-1200x900.jpg 1200w, https:\/\/www.lavidachurch.com\/web\/wp-content\/uploads\/2023\/07\/11-1536x1152.jpg 1536w, https:\/\/www.lavidachurch.com\/web\/wp-content\/uploads\/2023\/07\/11.jpg 1600w\" sizes=\"(max-width: 1600px) 100vw, 1600px\" \/><\/div><\/div><\/div><div class=\"swiper-slide\"><div class=\"fusion-carousel-item-wrapper\"><div class=\"fusion-image-wrapper hover-type-liftup\"><img decoding=\"async\" width=\"1600\" height=\"1200\" src=\"https:\/\/www.lavidachurch.com\/web\/wp-content\/uploads\/2023\/07\/12.jpg\" class=\"attachment-full size-full\" alt=\"\" srcset=\"https:\/\/www.lavidachurch.com\/web\/wp-content\/uploads\/2023\/07\/12-200x150.jpg 200w, https:\/\/www.lavidachurch.com\/web\/wp-content\/uploads\/2023\/07\/12-300x225.jpg 300w, https:\/\/www.lavidachurch.com\/web\/wp-content\/uploads\/2023\/07\/12-400x300.jpg 400w, https:\/\/www.lavidachurch.com\/web\/wp-content\/uploads\/2023\/07\/12-600x450.jpg 600w, https:\/\/www.lavidachurch.com\/web\/wp-content\/uploads\/2023\/07\/12-768x576.jpg 768w, https:\/\/www.lavidachurch.com\/web\/wp-content\/uploads\/2023\/07\/12-800x600.jpg 800w, https:\/\/www.lavidachurch.com\/web\/wp-content\/uploads\/2023\/07\/12-1024x768.jpg 1024w, https:\/\/www.lavidachurch.com\/web\/wp-content\/uploads\/2023\/07\/12-1200x900.jpg 1200w, https:\/\/www.lavidachurch.com\/web\/wp-content\/uploads\/2023\/07\/12-1536x1152.jpg 1536w, https:\/\/www.lavidachurch.com\/web\/wp-content\/uploads\/2023\/07\/12.jpg 1600w\" sizes=\"(max-width: 1600px) 100vw, 1600px\" \/><\/div><\/div><\/div><div class=\"swiper-slide\"><div class=\"fusion-carousel-item-wrapper\"><div class=\"fusion-image-wrapper hover-type-liftup\"><img decoding=\"async\" width=\"1600\" height=\"1200\" src=\"https:\/\/www.lavidachurch.com\/web\/wp-content\/uploads\/2023\/07\/13.jpg\" class=\"attachment-full size-full\" alt=\"\" srcset=\"https:\/\/www.lavidachurch.com\/web\/wp-content\/uploads\/2023\/07\/13-200x150.jpg 200w, https:\/\/www.lavidachurch.com\/web\/wp-content\/uploads\/2023\/07\/13-300x225.jpg 300w, https:\/\/www.lavidachurch.com\/web\/wp-content\/uploads\/2023\/07\/13-400x300.jpg 400w, https:\/\/www.lavidachurch.com\/web\/wp-content\/uploads\/2023\/07\/13-600x450.jpg 600w, https:\/\/www.lavidachurch.com\/web\/wp-content\/uploads\/2023\/07\/13-768x576.jpg 768w, https:\/\/www.lavidachurch.com\/web\/wp-content\/uploads\/2023\/07\/13-800x600.jpg 800w, https:\/\/www.lavidachurch.com\/web\/wp-content\/uploads\/2023\/07\/13-1024x768.jpg 1024w, https:\/\/www.lavidachurch.com\/web\/wp-content\/uploads\/2023\/07\/13-1200x900.jpg 1200w, https:\/\/www.lavidachurch.com\/web\/wp-content\/uploads\/2023\/07\/13-1536x1152.jpg 1536w, https:\/\/www.lavidachurch.com\/web\/wp-content\/uploads\/2023\/07\/13.jpg 1600w\" sizes=\"(max-width: 1600px) 100vw, 1600px\" \/><\/div><\/div><\/div><div class=\"swiper-slide\"><div class=\"fusion-carousel-item-wrapper\"><div class=\"fusion-image-wrapper hover-type-liftup\"><img decoding=\"async\" width=\"1600\" height=\"1200\" src=\"https:\/\/www.lavidachurch.com\/web\/wp-content\/uploads\/2023\/07\/14.jpg\" class=\"attachment-full size-full\" alt=\"\" srcset=\"https:\/\/www.lavidachurch.com\/web\/wp-content\/uploads\/2023\/07\/14-200x150.jpg 200w, https:\/\/www.lavidachurch.com\/web\/wp-content\/uploads\/2023\/07\/14-300x225.jpg 300w, https:\/\/www.lavidachurch.com\/web\/wp-content\/uploads\/2023\/07\/14-400x300.jpg 400w, https:\/\/www.lavidachurch.com\/web\/wp-content\/uploads\/2023\/07\/14-600x450.jpg 600w, https:\/\/www.lavidachurch.com\/web\/wp-content\/uploads\/2023\/07\/14-768x576.jpg 768w, https:\/\/www.lavidachurch.com\/web\/wp-content\/uploads\/2023\/07\/14-800x600.jpg 800w, https:\/\/www.lavidachurch.com\/web\/wp-content\/uploads\/2023\/07\/14-1024x768.jpg 1024w, https:\/\/www.lavidachurch.com\/web\/wp-content\/uploads\/2023\/07\/14-1200x900.jpg 1200w, https:\/\/www.lavidachurch.com\/web\/wp-content\/uploads\/2023\/07\/14-1536x1152.jpg 1536w, https:\/\/www.lavidachurch.com\/web\/wp-content\/uploads\/2023\/07\/14.jpg 1600w\" sizes=\"(max-width: 1600px) 100vw, 1600px\" \/><\/div><\/div><\/div><div class=\"swiper-slide\"><div class=\"fusion-carousel-item-wrapper\"><div class=\"fusion-image-wrapper hover-type-liftup\"><img decoding=\"async\" width=\"1600\" height=\"1200\" src=\"https:\/\/www.lavidachurch.com\/web\/wp-content\/uploads\/2023\/07\/15.jpg\" class=\"attachment-full size-full\" alt=\"\" srcset=\"https:\/\/www.lavidachurch.com\/web\/wp-content\/uploads\/2023\/07\/15-200x150.jpg 200w, https:\/\/www.lavidachurch.com\/web\/wp-content\/uploads\/2023\/07\/15-300x225.jpg 300w, https:\/\/www.lavidachurch.com\/web\/wp-content\/uploads\/2023\/07\/15-400x300.jpg 400w, https:\/\/www.lavidachurch.com\/web\/wp-content\/uploads\/2023\/07\/15-600x450.jpg 600w, https:\/\/www.lavidachurch.com\/web\/wp-content\/uploads\/2023\/07\/15-768x576.jpg 768w, https:\/\/www.lavidachurch.com\/web\/wp-content\/uploads\/2023\/07\/15-800x600.jpg 800w, https:\/\/www.lavidachurch.com\/web\/wp-content\/uploads\/2023\/07\/15-1024x768.jpg 1024w, https:\/\/www.lavidachurch.com\/web\/wp-content\/uploads\/2023\/07\/15-1200x900.jpg 1200w, https:\/\/www.lavidachurch.com\/web\/wp-content\/uploads\/2023\/07\/15-1536x1152.jpg 1536w, https:\/\/www.lavidachurch.com\/web\/wp-content\/uploads\/2023\/07\/15.jpg 1600w\" sizes=\"(max-width: 1600px) 100vw, 1600px\" \/><\/div><\/div><\/div><\/div><div class=\"awb-swiper-button awb-swiper-button-prev\"><i class=\"awb-icon-angle-left\" aria-hidden=\"true\"><\/i><\/div><div class=\"awb-swiper-button awb-swiper-button-next\"><i class=\"awb-icon-angle-right\" aria-hidden=\"true\"><\/i><\/div><\/div><\/div><\/div><\/div><div class=\"fusion-layout-column fusion_builder_column fusion-builder-column-2 fusion_builder_column_1_2 1_2 fusion-flex-column\" style=\"--awb-bg-size:cover;--awb-width-large:50%;--awb-margin-top-large:0px;--awb-spacing-right-large:3.84%;--awb-margin-bottom-large:20px;--awb-spacing-left-large:3.84%;--awb-width-medium:50%;--awb-order-medium:0;--awb-spacing-right-medium:3.84%;--awb-spacing-left-medium:3.84%;--awb-width-small:100%;--awb-order-small:0;--awb-spacing-right-small:1.92%;--awb-spacing-left-small:1.92%;\"><div class=\"fusion-column-wrapper fusion-column-has-shadow fusion-flex-justify-content-flex-start fusion-content-layout-column\"><div class=\"fusion-image-element \" style=\"text-align:center;--awb-max-width:500px;--awb-caption-title-font-family:var(--h2_typography-font-family);--awb-caption-title-font-weight:var(--h2_typography-font-weight);--awb-caption-title-font-style:var(--h2_typography-font-style);--awb-caption-title-size:var(--h2_typography-font-size);--awb-caption-title-transform:var(--h2_typography-text-transform);--awb-caption-title-line-height:var(--h2_typography-line-height);--awb-caption-title-letter-spacing:var(--h2_typography-letter-spacing);\"><span class=\" fusion-imageframe imageframe-none imageframe-1 hover-type-none\"><img decoding=\"async\" width=\"795\" height=\"812\" title=\"Vida Kids Logo2\" src=\"https:\/\/www.lavidachurch.com\/web\/wp-content\/uploads\/2023\/07\/Vida-Kids-Logo2.png\" alt class=\"img-responsive wp-image-361\" srcset=\"https:\/\/www.lavidachurch.com\/web\/wp-content\/uploads\/2023\/07\/Vida-Kids-Logo2-200x204.png 200w, https:\/\/www.lavidachurch.com\/web\/wp-content\/uploads\/2023\/07\/Vida-Kids-Logo2-400x409.png 400w, https:\/\/www.lavidachurch.com\/web\/wp-content\/uploads\/2023\/07\/Vida-Kids-Logo2-600x613.png 600w, https:\/\/www.lavidachurch.com\/web\/wp-content\/uploads\/2023\/07\/Vida-Kids-Logo2.png 795w\" sizes=\"(max-width: 640px) 100vw, 600px\" \/><\/span><\/div><\/div><\/div><\/div><\/div><div class=\"fusion-fullwidth fullwidth-box fusion-builder-row-2 fusion-flex-container has-pattern-background has-mask-background nonhundred-percent-fullwidth non-hundred-percent-height-scrolling\" style=\"--awb-border-radius-top-left:0px;--awb-border-radius-top-right:0px;--awb-border-radius-bottom-right:0px;--awb-border-radius-bottom-left:0px;--awb-flex-wrap:wrap;\" ><div class=\"fusion-builder-row fusion-row fusion-flex-align-items-flex-start fusion-flex-content-wrap\" style=\"max-width:1248px;margin-left: calc(-4% \/ 2 );margin-right: calc(-4% \/ 2 );\"><\/div><\/div><\/p>\n","protected":false},"excerpt":{"rendered":"","protected":false},"author":1,"featured_media":0,"parent":0,"menu_order":0,"comment_status":"closed","ping_status":"closed","template":"100-width.php","meta":{"footnotes":""},"class_list":["post-253","page","type-page","status-publish","hentry"],"_links":{"self":[{"href":"https:\/\/www.lavidachurch.com\/web\/wp-json\/wp\/v2\/pages\/253","targetHints":{"allow":["GET"]}}],"collection":[{"href":"https:\/\/www.lavidachurch.com\/web\/wp-json\/wp\/v2\/pages"}],"about":[{"href":"https:\/\/www.lavidachurch.com\/web\/wp-json\/wp\/v2\/types\/page"}],"author":[{"embeddable":true,"href":"https:\/\/www.lavidachurch.com\/web\/wp-json\/wp\/v2\/users\/1"}],"replies":[{"embeddable":true,"href":"https:\/\/www.lavidachurch.com\/web\/wp-json\/wp\/v2\/comments?post=253"}],"version-history":[{"count":4,"href":"https:\/\/www.lavidachurch.com\/web\/wp-json\/wp\/v2\/pages\/253\/revisions"}],"predecessor-version":[{"id":431,"href":"https:\/\/www.lavidachurch.com\/web\/wp-json\/wp\/v2\/pages\/253\/revisions\/431"}],"wp:attachment":[{"href":"https:\/\/www.lavidachurch.com\/web\/wp-json\/wp\/v2\/media?parent=253"}],"curies":[{"name":"wp","href":"https:\/\/api.w.org\/{rel}","templated":true}]}}