{"id":457,"date":"2023-08-16T01:03:46","date_gmt":"2023-08-16T01:03:46","guid":{"rendered":"https:\/\/www.lavidachurch.com\/web\/?page_id=457"},"modified":"2023-08-16T22:05:39","modified_gmt":"2023-08-16T22:05:39","slug":"one-on-one-prision-ministry","status":"publish","type":"page","link":"https:\/\/www.lavidachurch.com\/web\/one-on-one-prision-ministry\/","title":{"rendered":"One On One Prision Ministry"},"content":{"rendered":"<p><div class=\"fusion-fullwidth fullwidth-box fusion-builder-row-1 fusion-flex-container has-pattern-background has-mask-background nonhundred-percent-fullwidth non-hundred-percent-height-scrolling\" style=\"--awb-border-radius-top-left:0px;--awb-border-radius-top-right:0px;--awb-border-radius-bottom-right:0px;--awb-border-radius-bottom-left:0px;--awb-flex-wrap:wrap;\" ><div class=\"fusion-builder-row fusion-row fusion-flex-align-items-flex-start fusion-flex-content-wrap\" style=\"max-width:1248px;margin-left: calc(-4% \/ 2 );margin-right: calc(-4% \/ 2 );\"><div class=\"fusion-layout-column fusion_builder_column fusion-builder-column-0 fusion_builder_column_1_1 1_1 fusion-flex-column\" style=\"--awb-bg-size:cover;--awb-width-large:100%;--awb-margin-top-large:0px;--awb-spacing-right-large:1.92%;--awb-margin-bottom-large:20px;--awb-spacing-left-large:1.92%;--awb-width-medium:100%;--awb-order-medium:0;--awb-spacing-right-medium:1.92%;--awb-spacing-left-medium:1.92%;--awb-width-small:100%;--awb-order-small:0;--awb-spacing-right-small:1.92%;--awb-spacing-left-small:1.92%;\"><div class=\"fusion-column-wrapper fusion-column-has-shadow fusion-flex-justify-content-flex-start fusion-content-layout-column\"><div class=\"fusion-text fusion-text-1\" style=\"--awb-content-alignment:justify;--awb-font-size:19px;--awb-text-font-family:&quot;Poppins&quot;;--awb-text-font-style:normal;--awb-text-font-weight:400;\"><p style=\"text-align: left;\">El Se\u00f1or nos dice en Su Palabra que nos seamos solamente oidores sino hacedores de su Palabra <strong style=\"color: var(--awb-text-color); font-family: var(--awb-text-font-family); font-size: var(--awb-font-size); font-style: var(--awb-text-font-style); letter-spacing: var(--awb-letter-spacing); text-align: var(--awb-content-alignment); text-transform: var(--awb-text-transform);\">(Santiago 1:22<\/strong><span style=\"color: var(--awb-text-color); font-family: var(--awb-text-font-family); font-size: var(--awb-font-size); font-style: var(--awb-text-font-style); letter-spacing: var(--awb-letter-spacing); text-align: var(--awb-content-alignment); text-transform: var(--awb-text-transform); background-color: var(--awb-bg-color-hover);\">.) <\/span><\/p>\n<p>One on One Prison Ministry llega a las vidas de aquellos que est\u00e1n tras las rejas ignorantes al perd\u00f3n de Dios, de la vida que El quiere para cada uno y de que el Se\u00f1or no hace acepci\u00f3n de personas. Actualmente servimos en Florida Women Reception Center y Lake Correctional Institution.<\/p>\n<p style=\"text-align: left;\">\n<strong>Mateo 25:36<\/strong> Estuve desnudo, y me cubristeis; enfermo, y me visitasteis, en la c\u00e1rcel y vinisteis a mi.<\/p>\n<\/div><\/div><\/div><\/div><\/div><div class=\"fusion-fullwidth fullwidth-box fusion-builder-row-2 fusion-flex-container has-pattern-background has-mask-background nonhundred-percent-fullwidth non-hundred-percent-height-scrolling\" style=\"--awb-border-radius-top-left:0px;--awb-border-radius-top-right:0px;--awb-border-radius-bottom-right:0px;--awb-border-radius-bottom-left:0px;--awb-flex-wrap:wrap;\" ><div class=\"fusion-builder-row fusion-row fusion-flex-align-items-flex-start fusion-flex-content-wrap\" style=\"max-width:1248px;margin-left: calc(-4% \/ 2 );margin-right: calc(-4% \/ 2 );\"><div class=\"fusion-layout-column fusion_builder_column fusion-builder-column-1 fusion_builder_column_1_3 1_3 fusion-flex-column\" style=\"--awb-bg-size:cover;--awb-width-large:33.333333333333%;--awb-margin-top-large:0px;--awb-spacing-right-large:5.76%;--awb-margin-bottom-large:20px;--awb-spacing-left-large:5.76%;--awb-width-medium:33.333333333333%;--awb-order-medium:0;--awb-spacing-right-medium:5.76%;--awb-spacing-left-medium:5.76%;--awb-width-small:100%;--awb-order-small:0;--awb-spacing-right-small:1.92%;--awb-spacing-left-small:1.92%;\"><div class=\"fusion-column-wrapper fusion-column-has-shadow fusion-flex-justify-content-flex-start fusion-content-layout-column\"><div class=\"fusion-image-element \" style=\"--awb-caption-title-font-family:var(--h2_typography-font-family);--awb-caption-title-font-weight:var(--h2_typography-font-weight);--awb-caption-title-font-style:var(--h2_typography-font-style);--awb-caption-title-size:var(--h2_typography-font-size);--awb-caption-title-transform:var(--h2_typography-text-transform);--awb-caption-title-line-height:var(--h2_typography-line-height);--awb-caption-title-letter-spacing:var(--h2_typography-letter-spacing);\"><span class=\" fusion-imageframe imageframe-none imageframe-1 hover-type-none\"><img decoding=\"async\" width=\"2048\" height=\"1536\" title=\"Team\" src=\"https:\/\/www.lavidachurch.com\/web\/wp-content\/uploads\/2023\/08\/Team.jpeg\" alt class=\"img-responsive wp-image-460\" srcset=\"https:\/\/www.lavidachurch.com\/web\/wp-content\/uploads\/2023\/08\/Team-200x150.jpeg 200w, https:\/\/www.lavidachurch.com\/web\/wp-content\/uploads\/2023\/08\/Team-400x300.jpeg 400w, https:\/\/www.lavidachurch.com\/web\/wp-content\/uploads\/2023\/08\/Team-600x450.jpeg 600w, https:\/\/www.lavidachurch.com\/web\/wp-content\/uploads\/2023\/08\/Team-800x600.jpeg 800w, https:\/\/www.lavidachurch.com\/web\/wp-content\/uploads\/2023\/08\/Team-1200x900.jpeg 1200w, https:\/\/www.lavidachurch.com\/web\/wp-content\/uploads\/2023\/08\/Team.jpeg 2048w\" sizes=\"(max-width: 640px) 100vw, 400px\" \/><\/span><\/div><\/div><\/div><div class=\"fusion-layout-column fusion_builder_column fusion-builder-column-2 fusion_builder_column_1_3 1_3 fusion-flex-column\" style=\"--awb-bg-size:cover;--awb-width-large:33.333333333333%;--awb-margin-top-large:0px;--awb-spacing-right-large:5.76%;--awb-margin-bottom-large:20px;--awb-spacing-left-large:5.76%;--awb-width-medium:33.333333333333%;--awb-order-medium:0;--awb-spacing-right-medium:5.76%;--awb-spacing-left-medium:5.76%;--awb-width-small:100%;--awb-order-small:0;--awb-spacing-right-small:1.92%;--awb-spacing-left-small:1.92%;\"><div class=\"fusion-column-wrapper fusion-column-has-shadow fusion-flex-justify-content-flex-start fusion-content-layout-column\"><div class=\"fusion-image-element \" style=\"--awb-caption-title-font-family:var(--h2_typography-font-family);--awb-caption-title-font-weight:var(--h2_typography-font-weight);--awb-caption-title-font-style:var(--h2_typography-font-style);--awb-caption-title-size:var(--h2_typography-font-size);--awb-caption-title-transform:var(--h2_typography-text-transform);--awb-caption-title-line-height:var(--h2_typography-line-height);--awb-caption-title-letter-spacing:var(--h2_typography-letter-spacing);\"><span class=\" fusion-imageframe imageframe-none imageframe-2 hover-type-none\"><img decoding=\"async\" width=\"676\" height=\"438\" title=\"Lake Corretional Institution\" src=\"https:\/\/www.lavidachurch.com\/web\/wp-content\/uploads\/2023\/08\/Lake-Corretional-Institution.jpeg\" alt class=\"img-responsive wp-image-461\" srcset=\"https:\/\/www.lavidachurch.com\/web\/wp-content\/uploads\/2023\/08\/Lake-Corretional-Institution-200x130.jpeg 200w, https:\/\/www.lavidachurch.com\/web\/wp-content\/uploads\/2023\/08\/Lake-Corretional-Institution-400x259.jpeg 400w, https:\/\/www.lavidachurch.com\/web\/wp-content\/uploads\/2023\/08\/Lake-Corretional-Institution-600x389.jpeg 600w, https:\/\/www.lavidachurch.com\/web\/wp-content\/uploads\/2023\/08\/Lake-Corretional-Institution.jpeg 676w\" sizes=\"(max-width: 640px) 100vw, 400px\" \/><\/span><\/div><\/div><\/div><div class=\"fusion-layout-column fusion_builder_column fusion-builder-column-3 fusion_builder_column_1_3 1_3 fusion-flex-column\" style=\"--awb-bg-size:cover;--awb-width-large:33.333333333333%;--awb-margin-top-large:0px;--awb-spacing-right-large:5.76%;--awb-margin-bottom-large:20px;--awb-spacing-left-large:5.76%;--awb-width-medium:33.333333333333%;--awb-order-medium:0;--awb-spacing-right-medium:5.76%;--awb-spacing-left-medium:5.76%;--awb-width-small:100%;--awb-order-small:0;--awb-spacing-right-small:1.92%;--awb-spacing-left-small:1.92%;\"><div class=\"fusion-column-wrapper fusion-column-has-shadow fusion-flex-justify-content-flex-start fusion-content-layout-column\"><div class=\"fusion-image-element \" style=\"--awb-caption-title-font-family:var(--h2_typography-font-family);--awb-caption-title-font-weight:var(--h2_typography-font-weight);--awb-caption-title-font-style:var(--h2_typography-font-style);--awb-caption-title-size:var(--h2_typography-font-size);--awb-caption-title-transform:var(--h2_typography-text-transform);--awb-caption-title-line-height:var(--h2_typography-line-height);--awb-caption-title-letter-spacing:var(--h2_typography-letter-spacing);\"><span class=\" fusion-imageframe imageframe-none imageframe-3 hover-type-none\"><img decoding=\"async\" width=\"450\" height=\"373\" title=\"Florida Women&#8217;s Reception Center\" src=\"https:\/\/www.lavidachurch.com\/web\/wp-content\/uploads\/2023\/08\/Florida-Womens-Reception-Center.jpeg\" alt class=\"img-responsive wp-image-462\" srcset=\"https:\/\/www.lavidachurch.com\/web\/wp-content\/uploads\/2023\/08\/Florida-Womens-Reception-Center-200x166.jpeg 200w, https:\/\/www.lavidachurch.com\/web\/wp-content\/uploads\/2023\/08\/Florida-Womens-Reception-Center-400x332.jpeg 400w, https:\/\/www.lavidachurch.com\/web\/wp-content\/uploads\/2023\/08\/Florida-Womens-Reception-Center.jpeg 450w\" sizes=\"(max-width: 640px) 100vw, 400px\" \/><\/span><\/div><\/div><\/div><\/div><\/div><\/p>\n","protected":false},"excerpt":{"rendered":"","protected":false},"author":1,"featured_media":0,"parent":0,"menu_order":0,"comment_status":"closed","ping_status":"closed","template":"100-width.php","meta":{"footnotes":""},"class_list":["post-457","page","type-page","status-publish","hentry"],"_links":{"self":[{"href":"https:\/\/www.lavidachurch.com\/web\/wp-json\/wp\/v2\/pages\/457","targetHints":{"allow":["GET"]}}],"collection":[{"href":"https:\/\/www.lavidachurch.com\/web\/wp-json\/wp\/v2\/pages"}],"about":[{"href":"https:\/\/www.lavidachurch.com\/web\/wp-json\/wp\/v2\/types\/page"}],"author":[{"embeddable":true,"href":"https:\/\/www.lavidachurch.com\/web\/wp-json\/wp\/v2\/users\/1"}],"replies":[{"embeddable":true,"href":"https:\/\/www.lavidachurch.com\/web\/wp-json\/wp\/v2\/comments?post=457"}],"version-history":[{"count":7,"href":"https:\/\/www.lavidachurch.com\/web\/wp-json\/wp\/v2\/pages\/457\/revisions"}],"predecessor-version":[{"id":483,"href":"https:\/\/www.lavidachurch.com\/web\/wp-json\/wp\/v2\/pages\/457\/revisions\/483"}],"wp:attachment":[{"href":"https:\/\/www.lavidachurch.com\/web\/wp-json\/wp\/v2\/media?parent=457"}],"curies":[{"name":"wp","href":"https:\/\/api.w.org\/{rel}","templated":true}]}}