{"id":593,"date":"2024-01-08T18:16:03","date_gmt":"2024-01-08T18:16:03","guid":{"rendered":"https:\/\/www.lavidachurch.com\/web\/?page_id=593"},"modified":"2024-01-10T15:35:10","modified_gmt":"2024-01-10T15:35:10","slug":"conferencia-escatologica","status":"publish","type":"page","link":"https:\/\/www.lavidachurch.com\/web\/conferencia-escatologica\/","title":{"rendered":"CONFERENCIA ESCATOL\u00d3GICA"},"content":{"rendered":"<div class=\"fusion-fullwidth fullwidth-box fusion-builder-row-1 fusion-flex-container has-pattern-background has-mask-background nonhundred-percent-fullwidth non-hundred-percent-height-scrolling\" style=\"--link_color: #ffffff;--awb-border-radius-top-left:0px;--awb-border-radius-top-right:0px;--awb-border-radius-bottom-right:0px;--awb-border-radius-bottom-left:0px;--awb-background-color:#001944;--awb-flex-wrap:wrap;\" ><div class=\"fusion-builder-row fusion-row fusion-flex-align-items-flex-start fusion-flex-content-wrap\" style=\"max-width:1248px;margin-left: calc(-4% \/ 2 );margin-right: calc(-4% \/ 2 );\"><div class=\"fusion-layout-column fusion_builder_column fusion-builder-column-0 fusion_builder_column_1_1 1_1 fusion-flex-column\" style=\"--awb-bg-size:cover;--awb-width-large:100%;--awb-margin-top-large:0px;--awb-spacing-right-large:1.92%;--awb-margin-bottom-large:20px;--awb-spacing-left-large:1.92%;--awb-width-medium:100%;--awb-order-medium:0;--awb-spacing-right-medium:1.92%;--awb-spacing-left-medium:1.92%;--awb-width-small:100%;--awb-order-small:0;--awb-spacing-right-small:1.92%;--awb-spacing-left-small:1.92%;\"><div class=\"fusion-column-wrapper fusion-column-has-shadow fusion-flex-justify-content-flex-start fusion-content-layout-column\"><div class=\"fusion-text fusion-text-1\"><h1 style=\"text-align: left;\"><span style=\"color: #ffffff;\" data-fields=\"heading\">ESCATOLOG\u00cdA<\/span><\/h1>\n<p style=\"text-align: left;\"><span style=\"color: #ffffff; font-size: 23px;\" data-fusion-font=\"true\">Es el estudio del fin de los tiempos, incluyendo la muerte, el estado intermedio, la vida despu\u00e9s de la muerte, el juicio, el milenio, el cielo y el infierno. La palabra escatolog\u00eda viene de una combinaci\u00f3n griega de palabras que significan \u201cel estudio de las \u00faltimas cosas\u201d.<\/span><\/p>\n<\/div><\/div><\/div><div class=\"fusion-layout-column fusion_builder_column fusion-builder-column-1 fusion_builder_column_1_1 1_1 fusion-flex-column\" style=\"--awb-bg-size:cover;--awb-width-large:100%;--awb-margin-top-large:0px;--awb-spacing-right-large:1.92%;--awb-margin-bottom-large:0px;--awb-spacing-left-large:1.92%;--awb-width-medium:100%;--awb-spacing-right-medium:1.92%;--awb-spacing-left-medium:1.92%;--awb-width-small:100%;--awb-spacing-right-small:1.92%;--awb-spacing-left-small:1.92%;\"><div class=\"fusion-column-wrapper fusion-flex-justify-content-flex-start fusion-content-layout-column\"><div class=\"fusion-text fusion-text-2\"><p><img decoding=\"async\" class=\"alignnone size-full wp-image-637\" src=\"https:\/\/www.lavidachurch.com\/web\/wp-content\/uploads\/2024\/01\/2_-Conferencia-Escatologia-2024-11.5-x-8.5-in-1920-x-1080-px.jpg\" alt=\"\" width=\"1920\" height=\"1080\" srcset=\"https:\/\/www.lavidachurch.com\/web\/wp-content\/uploads\/2024\/01\/2_-Conferencia-Escatologia-2024-11.5-x-8.5-in-1920-x-1080-px-200x113.jpg 200w, https:\/\/www.lavidachurch.com\/web\/wp-content\/uploads\/2024\/01\/2_-Conferencia-Escatologia-2024-11.5-x-8.5-in-1920-x-1080-px-300x169.jpg 300w, https:\/\/www.lavidachurch.com\/web\/wp-content\/uploads\/2024\/01\/2_-Conferencia-Escatologia-2024-11.5-x-8.5-in-1920-x-1080-px-400x225.jpg 400w, https:\/\/www.lavidachurch.com\/web\/wp-content\/uploads\/2024\/01\/2_-Conferencia-Escatologia-2024-11.5-x-8.5-in-1920-x-1080-px-600x338.jpg 600w, https:\/\/www.lavidachurch.com\/web\/wp-content\/uploads\/2024\/01\/2_-Conferencia-Escatologia-2024-11.5-x-8.5-in-1920-x-1080-px-768x432.jpg 768w, https:\/\/www.lavidachurch.com\/web\/wp-content\/uploads\/2024\/01\/2_-Conferencia-Escatologia-2024-11.5-x-8.5-in-1920-x-1080-px-800x450.jpg 800w, https:\/\/www.lavidachurch.com\/web\/wp-content\/uploads\/2024\/01\/2_-Conferencia-Escatologia-2024-11.5-x-8.5-in-1920-x-1080-px-1024x576.jpg 1024w, https:\/\/www.lavidachurch.com\/web\/wp-content\/uploads\/2024\/01\/2_-Conferencia-Escatologia-2024-11.5-x-8.5-in-1920-x-1080-px-1200x675.jpg 1200w, https:\/\/www.lavidachurch.com\/web\/wp-content\/uploads\/2024\/01\/2_-Conferencia-Escatologia-2024-11.5-x-8.5-in-1920-x-1080-px-1536x864.jpg 1536w, https:\/\/www.lavidachurch.com\/web\/wp-content\/uploads\/2024\/01\/2_-Conferencia-Escatologia-2024-11.5-x-8.5-in-1920-x-1080-px.jpg 1920w\" sizes=\"(max-width: 1920px) 100vw, 1920px\" \/><\/p>\n<\/div><div class=\"fusion-text fusion-text-3 fusion-animated\" style=\"--awb-text-color:#1e1ae0;\" data-animationType=\"shake\" data-animationDuration=\"1.8\" data-animationDelay=\"2.0\" data-animationOffset=\"top-into-view\"><h4 class=\"fusion-responsive-typography-calculated\" style=\"text-align: center; --fontsize: 24.000002; line-height: 1.2;\" data-fontsize=\"24.000002\" data-lineheight=\"28.800003px\"><a href=\"https:\/\/forms.gle\/Cpci8HQtRqVmUk45A\" target=\"_blank\" rel=\"noopener\"><u>REG\u00cdSTRATE Y HAZ TU DONATIVO AQU\u00cd<\/u><\/a><\/h4>\n<\/div><\/div><\/div><\/div><\/div>\n","protected":false},"excerpt":{"rendered":"","protected":false},"author":1,"featured_media":0,"parent":0,"menu_order":0,"comment_status":"closed","ping_status":"closed","template":"100-width.php","meta":{"footnotes":""},"class_list":["post-593","page","type-page","status-publish","hentry"],"_links":{"self":[{"href":"https:\/\/www.lavidachurch.com\/web\/wp-json\/wp\/v2\/pages\/593","targetHints":{"allow":["GET"]}}],"collection":[{"href":"https:\/\/www.lavidachurch.com\/web\/wp-json\/wp\/v2\/pages"}],"about":[{"href":"https:\/\/www.lavidachurch.com\/web\/wp-json\/wp\/v2\/types\/page"}],"author":[{"embeddable":true,"href":"https:\/\/www.lavidachurch.com\/web\/wp-json\/wp\/v2\/users\/1"}],"replies":[{"embeddable":true,"href":"https:\/\/www.lavidachurch.com\/web\/wp-json\/wp\/v2\/comments?post=593"}],"version-history":[{"count":52,"href":"https:\/\/www.lavidachurch.com\/web\/wp-json\/wp\/v2\/pages\/593\/revisions"}],"predecessor-version":[{"id":650,"href":"https:\/\/www.lavidachurch.com\/web\/wp-json\/wp\/v2\/pages\/593\/revisions\/650"}],"wp:attachment":[{"href":"https:\/\/www.lavidachurch.com\/web\/wp-json\/wp\/v2\/media?parent=593"}],"curies":[{"name":"wp","href":"https:\/\/api.w.org\/{rel}","templated":true}]}}